{"id":19,"date":"2025-09-24T07:25:39","date_gmt":"2025-09-24T07:25:39","guid":{"rendered":"https:\/\/saintes-hypnose.dev-artgrafik.com\/?page_id=19"},"modified":"2025-10-23T17:26:02","modified_gmt":"2025-10-23T17:26:02","slug":"hypnose","status":"publish","type":"page","link":"https:\/\/saintes-hypnose.dev-artgrafik.com\/?page_id=19","title":{"rendered":"Hypnose"},"content":{"rendered":"<div>\n<p>    <img decoding=\"async\" src=\"\/wp-content\/uploads\/photo-1662195471864-55c7e25e1f33-scaled.jpg\" alt=\"\"><\/p>\n<\/div>\n<hr>\n<ul>\n<li>\n        <a href=\"\/?page_id=315\">Hypnose th\u00e9rapeutique<\/a>\n    <\/li>\n<li>\n        <a href=\"\/?page_id=295\">Hypnose et Vous<\/a>\n    <\/li>\n<li>\n        <a href=\"\">Questions fr\u00e9quentes<\/a>\n    <\/li>\n<\/ul>\n<hr>\n<div>\n<p style=\"text-align: center;\">R\u00e9veillez la capacit\u00e9 d&rsquo;auto-gu\u00e9rison en Vous!<\/p>\n<p style=\"text-align: center;\">D\u00e9couvrez la puissance de l&rsquo;hypnose th\u00e9rapeutique, une force naturelle insup\u00e7onable!<\/p>\n<\/div>\n<hr>\n<p><!--more--><br \/>\n<!-- {\"type\":\"layout\",\"children\":[{\"type\":\"section\",\"props\":{\"header_transparent\":true,\"header_transparent_noplaceholder\":true,\"image_position\":\"center-center\",\"padding_remove_bottom\":false,\"padding_remove_top\":true,\"style\":\"default\",\"title_breakpoint\":\"xl\",\"title_position\":\"top-left\",\"title_rotation\":\"left\",\"vertical_align\":\"middle\",\"width\":\"\"},\"children\":[{\"type\":\"row\",\"children\":[{\"type\":\"column\",\"props\":{\"image_position\":\"center-center\",\"position_sticky_breakpoint\":\"m\"},\"children\":[{\"type\":\"slideshow\",\"props\":{\"content_expand\":false,\"image_loading\":true,\"image_width\":2000,\"link_style\":\"default\",\"link_text\":\"Read more\",\"margin\":\"default\",\"meta_align\":\"below-title\",\"meta_element\":\"div\",\"meta_style\":\"text-meta\",\"nav\":\"dotnav\",\"nav_align\":\"center\",\"nav_breakpoint\":\"s\",\"nav_position\":\"bottom-center\",\"nav_position_margin\":\"medium\",\"overlay_animation\":\"parallax\",\"overlay_margin\":\"large\",\"overlay_position\":\"center\",\"overlay_style\":\"tile-default\",\"overlay_width\":\"large\",\"show_content\":true,\"show_link\":true,\"show_meta\":true,\"show_thumbnail\":true,\"show_title\":true,\"slidenav\":\"\",\"slidenav_breakpoint\":\"s\",\"slidenav_margin\":\"medium\",\"slidenav_outside_breakpoint\":\"xl\",\"slideshow_autoplay\":true,\"slideshow_autoplay_pause\":true,\"slideshow_box_decoration\":\"primary\",\"slideshow_box_decoration_inverse\":false,\"slideshow_box_shadow\":\"small\",\"slideshow_kenburns\":\"top-center\",\"slideshow_kenburns_duration\":\"24\",\"slideshow_max_height\":\"200\",\"slideshow_min_height\":\"200\",\"slideshow_parallax\":false,\"slideshow_parallax_easing\":\"-0.9\",\"slideshow_parallax_start\":\"600\",\"slideshow_velocity\":\"2.7\",\"thumbnav_height\":\"75\",\"thumbnav_svg_color\":\"emphasis\",\"thumbnav_width\":\"100\",\"title_element\":\"h3\",\"title_hover_style\":\"reset\"},\"children\":[{\"type\":\"slideshow_item\",\"props\":{\"image\":\"wp-content\\\/uploads\\\/photo-1662195471864-55c7e25e1f33-scaled.jpg\"}}]}]}]}],\"name\":\"Header\"},{\"type\":\"section\",\"props\":{\"image_position\":\"center-center\",\"style\":\"default\",\"title_breakpoint\":\"xl\",\"title_position\":\"top-left\",\"title_rotation\":\"left\",\"vertical_align\":\"middle\",\"width\":\"default\"},\"children\":[{\"type\":\"row\",\"children\":[{\"type\":\"column\",\"props\":{\"image_position\":\"center-center\",\"position_sticky_breakpoint\":\"m\"},\"children\":[{\"type\":\"divider\",\"props\":{\"divider_element\":\"hr\"}},{\"type\":\"subnav\",\"children\":[{\"type\":\"subnav_item\",\"props\":{\"content\":\"Hypnose th\\u00e9rapeutique\",\"link\":\"?page_id=315\"}},{\"type\":\"subnav_item\",\"props\":{\"content\":\"Hypnose et Vous\",\"link\":\"?page_id=295\"}},{\"type\":\"subnav_item\",\"props\":{\"content\":\"Questions fr\\u00e9quentes\"}}],\"props\":{\"animation\":\"parallax\",\"blend\":false,\"position\":\"relative\",\"position_left\":\"0\",\"subnav_style\":\"divider\"}},{\"type\":\"divider\",\"props\":{\"divider_element\":\"hr\"}},{\"type\":\"text\",\"props\":{\"column_breakpoint\":\"m\",\"content\":\"\n\n<p style=\\\"text-align: center;\\\">R\\u00e9veillez la capacit\\u00e9 d'auto-gu\\u00e9rison en Vous!<\\\/p>\\n\n\n<p style=\\\"text-align: center;\\\">D\\u00e9couvrez la puissance de l'hypnose th\\u00e9rapeutique, une force naturelle insup\\u00e7onable!<\\\/p>\",\"margin\":\"default\"}},{\"type\":\"divider\",\"props\":{\"divider_element\":\"hr\"}}]}]}]},{\"type\":\"section\",\"props\":{\"image_position\":\"center-center\",\"style\":\"default\",\"title_breakpoint\":\"xl\",\"title_position\":\"top-left\",\"title_rotation\":\"left\",\"vertical_align\":\"middle\",\"width\":\"default\"},\"children\":[{\"type\":\"row\",\"children\":[{\"type\":\"column\",\"props\":{\"image_position\":\"center-center\",\"position_sticky_breakpoint\":\"m\"}}]},{\"type\":\"row\",\"children\":[{\"type\":\"column\",\"props\":{\"image_position\":\"center-center\",\"position_sticky_breakpoint\":\"m\"}}]},{\"type\":\"row\",\"children\":[{\"type\":\"column\",\"props\":{\"image_position\":\"center-center\",\"position_sticky_breakpoint\":\"m\"}}]}]}],\"version\":\"4.5.28\"} --><\/p>\n","protected":false},"excerpt":{"rendered":"<p>Hypnose th\u00e9rapeutique Hypnose et Vous Questions fr\u00e9quentes R\u00e9veillez la capacit\u00e9 d&rsquo;auto-gu\u00e9rison en Vous! D\u00e9couvrez la puissance de l&rsquo;hypnose th\u00e9rapeutique, une force naturelle insup\u00e7onable!<\/p>\n","protected":false},"author":2,"featured_media":0,"parent":0,"menu_order":0,"comment_status":"closed","ping_status":"closed","template":"","meta":{"footnotes":""},"class_list":["post-19","page","type-page","status-publish","hentry"],"_links":{"self":[{"href":"https:\/\/saintes-hypnose.dev-artgrafik.com\/index.php?rest_route=\/wp\/v2\/pages\/19","targetHints":{"allow":["GET"]}}],"collection":[{"href":"https:\/\/saintes-hypnose.dev-artgrafik.com\/index.php?rest_route=\/wp\/v2\/pages"}],"about":[{"href":"https:\/\/saintes-hypnose.dev-artgrafik.com\/index.php?rest_route=\/wp\/v2\/types\/page"}],"author":[{"embeddable":true,"href":"https:\/\/saintes-hypnose.dev-artgrafik.com\/index.php?rest_route=\/wp\/v2\/users\/2"}],"replies":[{"embeddable":true,"href":"https:\/\/saintes-hypnose.dev-artgrafik.com\/index.php?rest_route=%2Fwp%2Fv2%2Fcomments&post=19"}],"version-history":[{"count":49,"href":"https:\/\/saintes-hypnose.dev-artgrafik.com\/index.php?rest_route=\/wp\/v2\/pages\/19\/revisions"}],"predecessor-version":[{"id":393,"href":"https:\/\/saintes-hypnose.dev-artgrafik.com\/index.php?rest_route=\/wp\/v2\/pages\/19\/revisions\/393"}],"wp:attachment":[{"href":"https:\/\/saintes-hypnose.dev-artgrafik.com\/index.php?rest_route=%2Fwp%2Fv2%2Fmedia&parent=19"}],"curies":[{"name":"wp","href":"https:\/\/api.w.org\/{rel}","templated":true}]}}