{"id":195,"date":"2025-10-16T07:35:54","date_gmt":"2025-10-16T07:35:54","guid":{"rendered":"https:\/\/saintes-hypnose.dev-artgrafik.com\/?page_id=195"},"modified":"2025-10-23T17:20:11","modified_gmt":"2025-10-23T17:20:11","slug":"arret-tabac","status":"publish","type":"page","link":"https:\/\/saintes-hypnose.dev-artgrafik.com\/?page_id=195","title":{"rendered":"Arr\u00eat Tabac"},"content":{"rendered":"<div>\n<p>    <img decoding=\"async\" src=\"\/wp-content\/uploads\/photo-1527099908998-5b73a5fe2a0d-scaled.jpg\" alt=\"\"><\/p>\n<\/div>\n<hr>\n<ul>\n<li>\n        <a href=\"\/?page_id=295\">Hypnose et Vous<\/a>\n    <\/li>\n<li>\n        <a href=\"\">Confiance\/Estime de soi<\/a>\n    <\/li>\n<\/ul>\n<hr>\n<div>\n<p><u>Arr\u00eatez de fumer avec l&rsquo;Hypnose<\/u><\/p>\n<p>Rappelez vous de votre premi\u00e8re cigarette? Etait ce gr\u00e2ce \u00e0 son go\u00fbt que vous aviez d\u00e9cid\u00e9 de l\u2019allumer\u00a0? Quand je pose cette question \u00e0 un future-ex-fumeur, \u00a0j\u2019ai toujours eu la m\u00eame r\u00e9ponse\u2026<\/p>\n<p>La cigarette est toujours associ\u00e9e \u00e0 un int\u00e9r\u00eat, un enjeu, un sens inconsciemment conscient pour vous jusqu\u2019\u00e0 aujourd\u2019hui, d&rsquo;ailleurs la vraie addiction est l\u00e0, non pas dans la cigarette!&#8230; , car sinon, vous ne fumeriez plus avec tous ce que vous savez sur les m\u00e9faits du tabac!<\/p>\n<p>L&rsquo;hypnose n&rsquo;est pas de la magie, mais la magie est dans votre inconscient. Avec l\u2019hypnose, vous allez enfin vous lib\u00e9rer de ces barreaux\u00a0de prisons invisibles\u00a0qui, autre fois avait de l&rsquo;int\u00e9r\u00eat pour vous ; qui\u00a0repr\u00e9sentait un enjeu du passage au monde des adultes pour vous.\u00a0<\/p>\n<p>Dipl\u00f4m\u00e9e \u00e0\u00a0l&rsquo;Arr\u00eat Tabac Hypnose par IFATH, Xiaohan LIN vous aidera \u00e0 reprendre votre libert\u00e9 gr\u00e2ce \u00e0 l&rsquo;hypnose en deux s\u00e9ances en\u00a015 jours.\u00a0<\/p>\n<p>Fumer est un geste inconscient, l&rsquo;hypnose va permettre la re-programmation de votre inconscient, tout en douceur, avec facilit\u00e9 et d\u00e9finitivement. Ce travail\u00a0r\u00e9ussira gr\u00e2ce \u00e0 l&rsquo;\u00e9quipe que VOUS allez formez\u00a0avec votre hypno-th\u00e9rapeute,\u00a0sp\u00e9cialis\u00e9e en Arr\u00eat Tabac Hypnose.<\/p>\n<p>Arr\u00eater de fumer est une d\u00e9marche qui peut \u00eatre r\u00e9v\u00e9lateur sur la vie de l\u2019ex-fumeur. Souvent une lib\u00e9ration se fait gr\u00e2ce \u00e0 une nouvelle vision sur soi, gr\u00e2ce \u00e0 une construction ou un r\u00e9tablissement de confiance en soi, gr\u00e2ce \u00e0 un travail qui permet d\u2019achever une situation ou r\u00e9parer une blessure.\u00a0<\/p>\n<p><strong><u>Votre programme d&rsquo;Arr\u00eat Tabac par l&rsquo;Hypnose:<\/u><\/strong><\/p>\n<p><em>1er s\u00e9ance (Dur\u00e9e environ 4h)<\/em>\u00a0<\/p>\n<p>Tarif : 200\u20ac<\/p>\n<p>Le conflit entre votre conscient et dans cette premi\u00e8re rencontre, nous allons tout d&rsquo;abord faire un travail en amont pour d\u00e9nicher vos diff\u00e9rents motivations profondes \u00e0 arr\u00eater de fumer, autrement dit, vous allez rassembler toutes vos forces inconscientes et en m\u00eame temps incroyables\u00a0pour pr\u00e9parer \u00e0 gagner ce combat. La partie de la s\u00e9ance d&rsquo;hypnose cl\u00f4tura cette premi\u00e8re rencontre, et cela va permettre une mis en marche de votre inconscient pour le changement de direction, CAD vers votre vie de non-fumeur.<\/p>\n<p><em>8 jours d&rsquo;intervalle entre les deux s\u00e9ances<\/em><\/p>\n<p>Vous auriez un peu de lecture \u00e0 faire les 8 jours qui suivent la premi\u00e8re s\u00e9ance, cette \u00e9tape est importante dans le programme car c&rsquo;est l&rsquo;occasion pour vous de vous engager dans VOTRE d\u00e9cision de vous lib\u00e9rer de l&rsquo;esclavage au tabac. Vous auriez aussi une d\u00e9marche concr\u00e8te et motivante\u00a0\u00e0 faire pendant ces 8 jours.<\/p>\n<p><em>2\u00e8me s\u00e9ance (Dur\u00e9e\u00a0environ 2h)<\/em><\/p>\n<p><em>Tarif : 120\u20ac<\/em><\/p>\n<p>Nous commencerons par un entretien qui permet d&rsquo;analyser les premiers changements obtenus et aussi r\u00e9v\u00e9ler quelques conseils suppl\u00e9mentaires, utiles dans les premiers jours de votre arr\u00eat. En suite, vous vivriez une s\u00e9ance d&rsquo;hypnose personnalis\u00e9e \u00ab\u00a0Anti-tabac\u00a0\u00bb.<\/p>\n<p>A la fin de la s\u00e9ance, vous auriez un enregistrement d&rsquo;une s\u00e9ance de renforcement* \u00e0 \u00e9couter en cas de besoin, dans les premiers jours afin de renforcer d&rsquo;avantage les suggestions positives\u00a0dans votre inconscient.\u00a0<\/p>\n<p>*Cette enregistrement est \u00e0 \u00e9couter d\u00e8s les premiers signes d&rsquo;inconfort suite a l&rsquo;arr\u00eat\u00a0total, \u00a0il vous est fortement recommand\u00e9 de l&rsquo;\u00e9couter ensuite\u00a0pendant 28 jours (une fois par jour) si jamais vous commencez l&rsquo;\u00e9coute. L&rsquo;inconscient\u00a0fonctionne par un cycle de 28 jours pour les re-programmations, donc ce chiffre n&rsquo;est pas un hasard. Et rappelez vous, ce n\u2019est pas une s\u00e9ance de magie que vous avez eu, mais une s\u00e9ance d\u2019hypnose sp\u00e9ciale Arr\u00eat Tabac!! \ud83d\ude09<\/p>\n<p><strong>Tarif total Arr\u00eat Tabac <\/strong>: 320\u20ac<\/p>\n<\/p>\n<\/div>\n<p><p>\n        <a href=\"#\">06 89 62 40 23<\/a>\n    <\/p>\n<\/p>\n<p><!--more--><br \/>\n<!-- {\"type\":\"layout\",\"children\":[{\"type\":\"section\",\"props\":{\"header_transparent\":true,\"header_transparent_noplaceholder\":true,\"image_position\":\"center-center\",\"padding_remove_bottom\":false,\"padding_remove_top\":true,\"style\":\"default\",\"title_breakpoint\":\"xl\",\"title_position\":\"top-left\",\"title_rotation\":\"left\",\"vertical_align\":\"middle\",\"width\":\"\"},\"children\":[{\"type\":\"row\",\"children\":[{\"type\":\"column\",\"props\":{\"image_position\":\"center-center\",\"position_sticky_breakpoint\":\"m\"},\"children\":[{\"type\":\"slideshow\",\"props\":{\"content_expand\":false,\"image_loading\":true,\"image_width\":2000,\"link_style\":\"default\",\"link_text\":\"Read more\",\"margin\":\"default\",\"meta_align\":\"below-title\",\"meta_element\":\"div\",\"meta_style\":\"text-meta\",\"nav\":\"dotnav\",\"nav_align\":\"center\",\"nav_breakpoint\":\"s\",\"nav_position\":\"bottom-center\",\"nav_position_margin\":\"medium\",\"overlay_animation\":\"parallax\",\"overlay_margin\":\"large\",\"overlay_position\":\"center\",\"overlay_style\":\"tile-default\",\"overlay_width\":\"large\",\"show_content\":true,\"show_link\":true,\"show_meta\":true,\"show_thumbnail\":true,\"show_title\":true,\"slidenav\":\"default\",\"slidenav_breakpoint\":\"s\",\"slidenav_margin\":\"\",\"slidenav_outside_breakpoint\":\"xl\",\"slideshow_autoplay_pause\":true,\"slideshow_box_decoration\":\"mask\",\"slideshow_box_shadow\":\"small\",\"slideshow_kenburns_duration\":\"24\",\"slideshow_max_height\":\"300\",\"slideshow_min_height\":\"200\",\"slideshow_parallax\":false,\"slideshow_parallax_easing\":\"-0.9\",\"slideshow_parallax_start\":\"600\",\"slideshow_velocity\":\"1\",\"thumbnav_height\":\"75\",\"thumbnav_svg_color\":\"emphasis\",\"thumbnav_width\":\"100\",\"title_element\":\"h3\",\"title_hover_style\":\"reset\"},\"children\":[{\"type\":\"slideshow_item\",\"props\":{\"image\":\"wp-content\\\/uploads\\\/photo-1527099908998-5b73a5fe2a0d-scaled.jpg\"}}]}]}]}],\"name\":\"Header\"},{\"type\":\"section\",\"props\":{\"image_position\":\"center-center\",\"style\":\"default\",\"title_breakpoint\":\"xl\",\"title_position\":\"top-left\",\"title_rotation\":\"left\",\"vertical_align\":\"middle\",\"width\":\"default\"},\"children\":[{\"type\":\"row\",\"children\":[{\"type\":\"column\",\"props\":{\"image_position\":\"center-center\",\"position_sticky_breakpoint\":\"m\"},\"children\":[{\"type\":\"divider\",\"props\":{\"divider_element\":\"hr\"}},{\"type\":\"subnav\",\"children\":[{\"type\":\"subnav_item\",\"props\":{\"content\":\"Hypnose et Vous\",\"link\":\"?page_id=295\"}},{\"type\":\"subnav_item\",\"props\":{\"content\":\"Confiance\\\/Estime de soi\"}}]},{\"type\":\"divider\",\"props\":{\"divider_element\":\"hr\"}},{\"type\":\"text\",\"props\":{\"column_breakpoint\":\"m\",\"content\":\"\n\n<p><u>Arr\\u00eatez de fumer avec l'Hypnose<\\\/u><\\\/p>\\n\n\n<p>Rappelez vous de votre premi\\u00e8re cigarette? Etait ce gr\\u00e2ce \\u00e0 son go\\u00fbt que vous aviez d\\u00e9cid\\u00e9 de l\\u2019allumer\\u00a0? Quand je pose cette question \\u00e0 un future-ex-fumeur, \\u00a0j\\u2019ai toujours eu la m\\u00eame r\\u00e9ponse\\u2026<\\\/p>\\n\n\n<p>La cigarette est toujours associ\\u00e9e \\u00e0 un int\\u00e9r\\u00eat, un enjeu, un sens inconsciemment conscient pour vous jusqu\\u2019\\u00e0 aujourd\\u2019hui, d'ailleurs la vraie addiction est l\\u00e0, non pas dans la cigarette!... , car sinon, vous ne fumeriez plus avec tous ce que vous savez sur les m\\u00e9faits du tabac!<\\\/p>\\n\n\n<p>L'hypnose n'est pas de la magie, mais la magie est dans votre inconscient. Avec l\\u2019hypnose, vous allez enfin vous lib\\u00e9rer de ces barreaux\\u00a0de prisons invisibles\\u00a0qui, autre fois avait de l'int\\u00e9r\\u00eat pour vous ; qui\\u00a0repr\\u00e9sentait un enjeu du passage au monde des adultes pour vous.\\u00a0<\\\/p>\\n\n\n<p>Dipl\\u00f4m\\u00e9e \\u00e0\\u00a0l'Arr\\u00eat Tabac Hypnose par IFATH, Xiaohan LIN vous aidera \\u00e0 reprendre votre libert\\u00e9 gr\\u00e2ce \\u00e0 l'hypnose en deux s\\u00e9ances en\\u00a015 jours.\\u00a0<\\\/p>\\n\n\n<p>Fumer est un geste inconscient, l'hypnose va permettre la re-programmation de votre inconscient, tout en douceur, avec facilit\\u00e9 et d\\u00e9finitivement. Ce travail\\u00a0r\\u00e9ussira gr\\u00e2ce \\u00e0 l'\\u00e9quipe que VOUS allez formez\\u00a0avec votre hypno-th\\u00e9rapeute,\\u00a0sp\\u00e9cialis\\u00e9e en Arr\\u00eat Tabac Hypnose.<\\\/p>\\n\n\n<p>Arr\\u00eater de fumer est une d\\u00e9marche qui peut \\u00eatre r\\u00e9v\\u00e9lateur sur la vie de l\\u2019ex-fumeur. Souvent une lib\\u00e9ration se fait gr\\u00e2ce \\u00e0 une nouvelle vision sur soi, gr\\u00e2ce \\u00e0 une construction ou un r\\u00e9tablissement de confiance en soi, gr\\u00e2ce \\u00e0 un travail qui permet d\\u2019achever une situation ou r\\u00e9parer une blessure.\\u00a0<\\\/p>\\n\n\n<p><strong><u>Votre programme d'Arr\\u00eat Tabac par l'Hypnose:<\\\/u><\\\/strong><\\\/p>\\n\n\n<p><em>1er s\\u00e9ance (Dur\\u00e9e environ 4h)<\\\/em>\\u00a0<\\\/p>\\n\n\n<p>Tarif : 200\\u20ac<\\\/p>\\n\n\n<p>Le conflit entre votre conscient et dans cette premi\\u00e8re rencontre, nous allons tout d'abord faire un travail en amont pour d\\u00e9nicher vos diff\\u00e9rents motivations profondes \\u00e0 arr\\u00eater de fumer, autrement dit, vous allez rassembler toutes vos forces inconscientes et en m\\u00eame temps incroyables\\u00a0pour pr\\u00e9parer \\u00e0 gagner ce combat. La partie de la s\\u00e9ance d'hypnose cl\\u00f4tura cette premi\\u00e8re rencontre, et cela va permettre une mis en marche de votre inconscient pour le changement de direction, CAD vers votre vie de non-fumeur.<\\\/p>\\n\n\n<p><em>8 jours d'intervalle entre les deux s\\u00e9ances<\\\/em><\\\/p>\\n\n\n<p>Vous auriez un peu de lecture \\u00e0 faire les 8 jours qui suivent la premi\\u00e8re s\\u00e9ance, cette \\u00e9tape est importante dans le programme car c'est l'occasion pour vous de vous engager dans VOTRE d\\u00e9cision de vous lib\\u00e9rer de l'esclavage au tabac. Vous auriez aussi une d\\u00e9marche concr\\u00e8te et motivante\\u00a0\\u00e0 faire pendant ces 8 jours.<\\\/p>\\n\n\n<p><em>2\\u00e8me s\\u00e9ance (Dur\\u00e9e\\u00a0environ 2h)<\\\/em><\\\/p>\\n\n\n<p><em>Tarif : 120\\u20ac<\\\/em><\\\/p>\\n\n\n<p>Nous commencerons par un entretien qui permet d'analyser les premiers changements obtenus et aussi r\\u00e9v\\u00e9ler quelques conseils suppl\\u00e9mentaires, utiles dans les premiers jours de votre arr\\u00eat. En suite, vous vivriez une s\\u00e9ance d'hypnose personnalis\\u00e9e \\\"Anti-tabac\\\".<\\\/p>\\n\n\n<p>A la fin de la s\\u00e9ance, vous auriez un enregistrement d'une s\\u00e9ance de renforcement* \\u00e0 \\u00e9couter en cas de besoin, dans les premiers jours afin de renforcer d'avantage les suggestions positives\\u00a0dans votre inconscient.\\u00a0<\\\/p>\\n\n\n<p>*Cette enregistrement est \\u00e0 \\u00e9couter d\\u00e8s les premiers signes d'inconfort suite a l'arr\\u00eat\\u00a0total, \\u00a0il vous est fortement recommand\\u00e9 de l'\\u00e9couter ensuite\\u00a0pendant 28 jours (une fois par jour) si jamais vous commencez l'\\u00e9coute. L'inconscient\\u00a0fonctionne par un cycle de 28 jours pour les re-programmations, donc ce chiffre n'est pas un hasard. Et rappelez vous, ce n\\u2019est pas une s\\u00e9ance de magie que vous avez eu, mais une s\\u00e9ance d\\u2019hypnose sp\\u00e9ciale Arr\\u00eat Tabac!! \ud83d\ude09<\\\/p>\\n\n\n<p><strong>Tarif total Arr\\u00eat Tabac <\\\/strong>: 320\\u20ac<\\\/p>\\n\n\n<p><\\\/p>\",\"margin\":\"default\"}},{\"type\":\"button\",\"props\":{\"grid_column_gap\":\"small\",\"grid_row_gap\":\"small\",\"margin\":\"default\"},\"children\":[{\"type\":\"button_item\",\"props\":{\"button_style\":\"default\",\"content\":\"06 89 62 40 23\",\"dialog_layout\":\"modal\",\"dialog_offcanvas_flip\":true,\"icon\":\"receiver\",\"icon_align\":\"left\",\"link\":\"#\"}}]},{\"type\":\"totop\",\"props\":{\"margin\":\"default\",\"title_grid_column_gap\":\"small\",\"title_grid_row_gap\":\"small\"}}]}]}]}],\"version\":\"4.5.28\"} --><\/p>\n","protected":false},"excerpt":{"rendered":"<p>Hypnose et Vous Confiance\/Estime de soi Arr\u00eatez de fumer avec l&rsquo;Hypnose Rappelez vous de votre premi\u00e8re cigarette? Etait ce gr\u00e2ce \u00e0 son go\u00fbt que vous aviez d\u00e9cid\u00e9 de l\u2019allumer\u00a0? Quand je pose cette question \u00e0 un future-ex-fumeur, \u00a0j\u2019ai toujours eu la m\u00eame r\u00e9ponse\u2026 La cigarette est toujours associ\u00e9e \u00e0 un int\u00e9r\u00eat, un enjeu, un sens [&hellip;]<\/p>\n","protected":false},"author":3,"featured_media":0,"parent":0,"menu_order":0,"comment_status":"closed","ping_status":"closed","template":"","meta":{"footnotes":""},"class_list":["post-195","page","type-page","status-publish","hentry"],"_links":{"self":[{"href":"https:\/\/saintes-hypnose.dev-artgrafik.com\/index.php?rest_route=\/wp\/v2\/pages\/195","targetHints":{"allow":["GET"]}}],"collection":[{"href":"https:\/\/saintes-hypnose.dev-artgrafik.com\/index.php?rest_route=\/wp\/v2\/pages"}],"about":[{"href":"https:\/\/saintes-hypnose.dev-artgrafik.com\/index.php?rest_route=\/wp\/v2\/types\/page"}],"author":[{"embeddable":true,"href":"https:\/\/saintes-hypnose.dev-artgrafik.com\/index.php?rest_route=\/wp\/v2\/users\/3"}],"replies":[{"embeddable":true,"href":"https:\/\/saintes-hypnose.dev-artgrafik.com\/index.php?rest_route=%2Fwp%2Fv2%2Fcomments&post=195"}],"version-history":[{"count":16,"href":"https:\/\/saintes-hypnose.dev-artgrafik.com\/index.php?rest_route=\/wp\/v2\/pages\/195\/revisions"}],"predecessor-version":[{"id":390,"href":"https:\/\/saintes-hypnose.dev-artgrafik.com\/index.php?rest_route=\/wp\/v2\/pages\/195\/revisions\/390"}],"wp:attachment":[{"href":"https:\/\/saintes-hypnose.dev-artgrafik.com\/index.php?rest_route=%2Fwp%2Fv2%2Fmedia&parent=195"}],"curies":[{"name":"wp","href":"https:\/\/api.w.org\/{rel}","templated":true}]}}