{"id":217,"date":"2025-10-23T09:30:01","date_gmt":"2025-10-23T09:30:01","guid":{"rendered":"https:\/\/saintes-hypnose.dev-artgrafik.com\/?page_id=217"},"modified":"2025-10-23T10:08:12","modified_gmt":"2025-10-23T10:08:12","slug":"guerir-ou-gai-rire","status":"publish","type":"page","link":"https:\/\/saintes-hypnose.dev-artgrafik.com\/?page_id=217","title":{"rendered":"Gu\u00e9rir ou Gai-Rire"},"content":{"rendered":"<div>\n<p>    <img decoding=\"async\" src=\"\/wp-content\/uploads\/pexels-photo-7526023-scaled.jpeg\" alt=\"\"><\/p>\n<\/div>\n<div>\n<p>Hypnose th\u00e9rapeutique et la maladie<\/p>\n<\/p>\n<p>Aujourd\u2019hui la m\u00e9decine a beaucoup \u00e9volu\u00e9, et c\u2019est merveilleux. Tous les bons m\u00e9decins savent que seul les patients ont le pouvoir de gu\u00e9rir.<\/p>\n<\/p>\n<p>La maladie \u00e9tant un \u00ab passage \u00e0 l\u2019acte de la somatisation \u00bb, il y souvent une partie psychologique lorsqu\u2019un personne tombe malade.<\/p>\n<\/p>\n<p>Il y a des personnes qui n\u2019ont rien d\u2019apr\u00e8s les examens m\u00e9dicaux, mais qui ont des douleurs r\u00e9els dans leur corps ; d\u2019autres vont souffrir d\u2019une maladie qui s\u2019empire \u00e0 mesure que les traitements m\u00e9dicaux se corsent ; ou encore d\u2019autres personnes qui enchainent les maladies qu\u2019elles soient petites ou grandes\u2026<\/p>\n<\/p>\n<p>Notre corps nous parle, \u00e0 travers son propre langage : les maladies, les cancers, les dysfonctionnements, les accidents, les douleurs, les maux de diff\u00e9rentes sortes\u2026 etc. Et c\u2019est seulement une fois que nous avons r\u00e9ussi \u00e0 entendre ce que tente de nous dire, ce corps, en acceptant la maladie (mal \u00e0 dire), en en faisant un alli\u00e9, que le chemin de la gu\u00e9rison s\u2019ouvre \u00e0 nous\u2026<\/p>\n<\/p>\n<p>L\u2019hypnose et l\u2019autohypnose a l\u2019avantage de faciliter ce dialogue int\u00e9rieur entre vous et vous, permet d\u2019acc\u00e9l\u00e9rer la gu\u00e9rison gr\u00e2ce \u00e0 l\u2019inconscient qui g\u00e8re d\u00e9j\u00e0 beaucoup de choses pour nous actuellement (le battement du c\u0153ur, la circulation sanguine, la pression art\u00e9rielle, la digestion\u2026 etc.)<\/p>\n<\/div>\n<p><!--more--><br \/>\n<!-- {\"type\":\"layout\",\"children\":[{\"type\":\"section\",\"props\":{\"header_transparent\":true,\"header_transparent_noplaceholder\":true,\"image_position\":\"center-center\",\"padding_remove_bottom\":false,\"padding_remove_top\":true,\"style\":\"default\",\"title_breakpoint\":\"xl\",\"title_position\":\"top-left\",\"title_rotation\":\"left\",\"vertical_align\":\"middle\",\"width\":\"\"},\"children\":[{\"type\":\"row\",\"children\":[{\"type\":\"column\",\"props\":{\"image_position\":\"center-center\",\"position_sticky_breakpoint\":\"m\"},\"children\":[{\"type\":\"slideshow\",\"props\":{\"content_expand\":false,\"image_loading\":true,\"image_width\":2000,\"link_style\":\"default\",\"link_text\":\"Read more\",\"margin\":\"default\",\"meta_align\":\"below-title\",\"meta_element\":\"div\",\"meta_style\":\"text-meta\",\"nav\":\"dotnav\",\"nav_align\":\"center\",\"nav_breakpoint\":\"s\",\"nav_position\":\"bottom-center\",\"nav_position_margin\":\"medium\",\"overlay_animation\":\"parallax\",\"overlay_margin\":\"large\",\"overlay_position\":\"center\",\"overlay_style\":\"tile-default\",\"overlay_width\":\"large\",\"show_content\":true,\"show_link\":true,\"show_meta\":true,\"show_thumbnail\":true,\"show_title\":true,\"slidenav\":\"\",\"slidenav_breakpoint\":\"s\",\"slidenav_margin\":\"medium\",\"slidenav_outside_breakpoint\":\"xl\",\"slideshow_autoplay_pause\":true,\"slideshow_kenburns_duration\":\"24\",\"slideshow_max_height\":\"600\",\"slideshow_min_height\":300,\"slideshow_parallax\":false,\"slideshow_parallax_easing\":\"-0.9\",\"slideshow_parallax_start\":\"600\",\"thumbnav_height\":\"75\",\"thumbnav_svg_color\":\"emphasis\",\"thumbnav_width\":\"100\",\"title_element\":\"h3\",\"title_hover_style\":\"reset\"},\"children\":[{\"type\":\"slideshow_item\",\"props\":{\"image\":\"wp-content\\\/uploads\\\/pexels-photo-7526023-scaled.jpeg\"}}]}]}]}],\"name\":\"Header\"},{\"type\":\"section\",\"props\":{\"image_position\":\"center-center\",\"style\":\"default\",\"title\":\"Gu\\u00e9rire ou Gai-Rire\",\"title_breakpoint\":\"xl\",\"title_position\":\"top-left\",\"title_rotation\":\"left\",\"vertical_align\":\"middle\",\"width\":\"default\"},\"children\":[{\"type\":\"row\",\"children\":[{\"type\":\"column\",\"props\":{\"image_position\":\"center-center\",\"position_sticky_breakpoint\":\"m\"},\"children\":[{\"type\":\"text\",\"props\":{\"column_breakpoint\":\"m\",\"content\":\"\n\n<p>Hypnose th\\u00e9rapeutique et la maladie<\\\/p>\\n\n\n<p><\\\/p>\\n\n\n<p>Aujourd\\u2019hui la m\\u00e9decine a beaucoup \\u00e9volu\\u00e9, et c\\u2019est merveilleux. Tous les bons m\\u00e9decins savent que seul les patients ont le pouvoir de gu\\u00e9rir.<\\\/p>\\n\n\n<p><\\\/p>\\n\n\n<p>La maladie \\u00e9tant un \\u00ab passage \\u00e0 l\\u2019acte de la somatisation \\u00bb, il y souvent une partie psychologique lorsqu\\u2019un personne tombe malade.<\\\/p>\\n\n\n<p><\\\/p>\\n\n\n<p>Il y a des personnes qui n\\u2019ont rien d\\u2019apr\\u00e8s les examens m\\u00e9dicaux, mais qui ont des douleurs r\\u00e9els dans leur corps ; d\\u2019autres vont souffrir d\\u2019une maladie qui s\\u2019empire \\u00e0 mesure que les traitements m\\u00e9dicaux se corsent ; ou encore d\\u2019autres personnes qui enchainent les maladies qu\\u2019elles soient petites ou grandes\\u2026<\\\/p>\\n\n\n<p><\\\/p>\\n\n\n<p>Notre corps nous parle, \\u00e0 travers son propre langage : les maladies, les cancers, les dysfonctionnements, les accidents, les douleurs, les maux de diff\\u00e9rentes sortes\\u2026 etc. Et c\\u2019est seulement une fois que nous avons r\\u00e9ussi \\u00e0 entendre ce que tente de nous dire, ce corps, en acceptant la maladie (mal \\u00e0 dire), en en faisant un alli\\u00e9, que le chemin de la gu\\u00e9rison s\\u2019ouvre \\u00e0 nous\\u2026<\\\/p>\\n\n\n<p><\\\/p>\\n\n\n<p>L\\u2019hypnose et l\\u2019autohypnose a l\\u2019avantage de faciliter ce dialogue int\\u00e9rieur entre vous et vous, permet d\\u2019acc\\u00e9l\\u00e9rer la gu\\u00e9rison gr\\u00e2ce \\u00e0 l\\u2019inconscient qui g\\u00e8re d\\u00e9j\\u00e0 beaucoup de choses pour nous actuellement (le battement du c\\u0153ur, la circulation sanguine, la pression art\\u00e9rielle, la digestion\\u2026 etc.)<\\\/p>\",\"margin\":\"default\"}}]}]}]}],\"version\":\"4.5.28\"} --><\/p>\n","protected":false},"excerpt":{"rendered":"<p>Hypnose th\u00e9rapeutique et la maladie Aujourd\u2019hui la m\u00e9decine a beaucoup \u00e9volu\u00e9, et c\u2019est merveilleux. Tous les bons m\u00e9decins savent que seul les patients ont le pouvoir de gu\u00e9rir. La maladie \u00e9tant un \u00ab passage \u00e0 l\u2019acte de la somatisation \u00bb, il y souvent une partie psychologique lorsqu\u2019un personne tombe malade. Il y a des personnes [&hellip;]<\/p>\n","protected":false},"author":3,"featured_media":0,"parent":0,"menu_order":0,"comment_status":"closed","ping_status":"closed","template":"","meta":{"footnotes":""},"class_list":["post-217","page","type-page","status-publish","hentry"],"_links":{"self":[{"href":"https:\/\/saintes-hypnose.dev-artgrafik.com\/index.php?rest_route=\/wp\/v2\/pages\/217","targetHints":{"allow":["GET"]}}],"collection":[{"href":"https:\/\/saintes-hypnose.dev-artgrafik.com\/index.php?rest_route=\/wp\/v2\/pages"}],"about":[{"href":"https:\/\/saintes-hypnose.dev-artgrafik.com\/index.php?rest_route=\/wp\/v2\/types\/page"}],"author":[{"embeddable":true,"href":"https:\/\/saintes-hypnose.dev-artgrafik.com\/index.php?rest_route=\/wp\/v2\/users\/3"}],"replies":[{"embeddable":true,"href":"https:\/\/saintes-hypnose.dev-artgrafik.com\/index.php?rest_route=%2Fwp%2Fv2%2Fcomments&post=217"}],"version-history":[{"count":13,"href":"https:\/\/saintes-hypnose.dev-artgrafik.com\/index.php?rest_route=\/wp\/v2\/pages\/217\/revisions"}],"predecessor-version":[{"id":237,"href":"https:\/\/saintes-hypnose.dev-artgrafik.com\/index.php?rest_route=\/wp\/v2\/pages\/217\/revisions\/237"}],"wp:attachment":[{"href":"https:\/\/saintes-hypnose.dev-artgrafik.com\/index.php?rest_route=%2Fwp%2Fv2%2Fmedia&parent=217"}],"curies":[{"name":"wp","href":"https:\/\/api.w.org\/{rel}","templated":true}]}}