{"id":245,"date":"2025-10-23T10:16:38","date_gmt":"2025-10-23T10:16:38","guid":{"rendered":"https:\/\/saintes-hypnose.dev-artgrafik.com\/?page_id=245"},"modified":"2025-10-23T17:04:01","modified_gmt":"2025-10-23T17:04:01","slug":"confiance-estime-de-soi","status":"publish","type":"page","link":"https:\/\/saintes-hypnose.dev-artgrafik.com\/?page_id=245","title":{"rendered":"Confiance\/ Estime de soi"},"content":{"rendered":"<div>\n<p>    <img decoding=\"async\" src=\"\/wp-content\/uploads\/photo-1571149828488-1cc5695847a3-scaled.jpg\" alt=\"\"><\/p>\n<\/div>\n<div>Confiance en soi, la cl\u00e9 de la r\u00e9ussite&#8230;<\/p>\n<p>Une bonne confiance en soi est un des ingr\u00e9diant qui permet d&rsquo;avoir une bon estime de soi.<br \/>\nLe niveau de la confiance en soi est toujours variable, selon l\u2019environnement, les situations, les personnes au tour, les contextes. Une personne qui para\u00eet tout \u00e0 fait \u00e0 l\u2019aise avec ses proches, peut ressentir un \u00e9norme manque de confiance dans une r\u00e9union de travail par exemple. C\u2019est souvent \u00e0 l\u2019\u00e9cole pour les enfants, et en situation publique pour les adultes que ce mal aise pourrait survenir et nous porter pr\u00e9judice. Alors, l\u2019enfant pourrait s\u2019isoler ou s\u2019enfermer si ces situations se r\u00e9p\u00e8tent trop souvent, avoir une chute des r\u00e9sultats scolaires, surtout si les adultes ne s\u2019en rendent pas compte tout de suite ; quand \u00e0 l\u2019adulte, il\/elle pourrait perdre ses moyens, manquer d\u2019arguments pour d\u00e9fendre ses id\u00e9es, son int\u00e9r\u00eat, avoir des diff\u00e9rentes formes et stades d\u2019inhibitions.<\/p>\n<p>Le manque de confiance en soi, pourrait g\u00e9n\u00e9rer une vie amoureuse insatisfaisante ; emp\u00eacher la r\u00e9ussite professionnel, personnel, affective, financi\u00e8re etc.<\/p>\n<p>L\u2019hypnose va r\u00e9unir le cerveau gauche (cerveau de la logique, le conscient) et le cerveau droit (cerveau des \u00e9motions, l\u2019inconscient), la synchronisation de ces deux partie formant une \u00e9quipe, nous aide \u00e0 acc\u00e9der aux capacit\u00e9s et cr\u00e9ativit\u00e9 inexplor\u00e9es jusqu\u2019\u00e0 maintenant, mais qui sont en chacun de nous\u2026 C\u2019est comme si jusqu\u2019\u00e0 aujourd\u2019hui, vous aviez une belle voiture dans votre garage, mais que vous ne saviez pas comment la conduire, et qu\u2019on vous offre un cours de conduite pour que d\u00e8s demain vous puissiez prendre la voiture pour aller exactement l\u00e0 o\u00f9 vous avez toujours voulu aller\u2026\n<\/p><\/div>\n<p><!--more--><br \/>\n<!-- {\"type\":\"layout\",\"children\":[{\"type\":\"section\",\"props\":{\"header_transparent\":true,\"header_transparent_noplaceholder\":true,\"image_position\":\"center-center\",\"padding_remove_bottom\":false,\"padding_remove_top\":true,\"style\":\"default\",\"title_breakpoint\":\"xl\",\"title_position\":\"top-left\",\"title_rotation\":\"left\",\"vertical_align\":\"middle\",\"width\":\"\"},\"children\":[{\"type\":\"row\",\"children\":[{\"type\":\"column\",\"props\":{\"image_position\":\"center-center\",\"position_sticky_breakpoint\":\"m\"},\"children\":[{\"type\":\"slideshow\",\"props\":{\"content_expand\":false,\"image_loading\":true,\"image_width\":2000,\"link_style\":\"default\",\"link_text\":\"Read more\",\"margin\":\"default\",\"meta_align\":\"below-title\",\"meta_element\":\"div\",\"meta_style\":\"text-meta\",\"nav\":\"dotnav\",\"nav_align\":\"center\",\"nav_breakpoint\":\"s\",\"nav_position\":\"bottom-center\",\"nav_position_margin\":\"small\",\"overlay_animation\":\"parallax\",\"overlay_margin\":\"large\",\"overlay_position\":\"center\",\"overlay_style\":\"tile-default\",\"overlay_width\":\"large\",\"show_content\":true,\"show_link\":true,\"show_meta\":true,\"show_thumbnail\":true,\"show_title\":true,\"slidenav\":\"\",\"slidenav_breakpoint\":\"s\",\"slidenav_margin\":\"medium\",\"slidenav_outside_breakpoint\":\"xl\",\"slideshow_autoplay\":false,\"slideshow_autoplay_pause\":true,\"slideshow_box_decoration\":\"mask\",\"slideshow_box_shadow\":\"small\",\"slideshow_kenburns\":\"center-center\",\"slideshow_kenburns_duration\":\"13\",\"slideshow_max_height\":\"300\",\"slideshow_min_height\":\"200\",\"slideshow_parallax\":false,\"slideshow_parallax_easing\":\"-0.9\",\"slideshow_parallax_start\":\"600\",\"thumbnav_height\":\"75\",\"thumbnav_svg_color\":\"emphasis\",\"thumbnav_width\":\"100\",\"title_element\":\"h3\",\"title_hover_style\":\"reset\"},\"children\":[{\"type\":\"slideshow_item\",\"props\":{\"image\":\"wp-content\\\/uploads\\\/photo-1571149828488-1cc5695847a3-scaled.jpg\"}}]}]}]}],\"name\":\"Header\"},{\"type\":\"section\",\"props\":{\"image_position\":\"center-center\",\"style\":\"default\",\"title_breakpoint\":\"xl\",\"title_position\":\"top-left\",\"title_rotation\":\"left\",\"vertical_align\":\"middle\",\"width\":\"default\"},\"children\":[{\"type\":\"row\",\"children\":[{\"type\":\"column\",\"props\":{\"image_position\":\"center-center\",\"position_sticky_breakpoint\":\"m\"},\"children\":[{\"type\":\"text\",\"props\":{\"column_breakpoint\":\"m\",\"content\":\"Confiance en soi, la cl\\u00e9 de la r\\u00e9ussite...\\n\\nUne bonne confiance en soi est un des ingr\\u00e9diant qui permet d'avoir une bon estime de soi.\\nLe niveau de la confiance en soi est toujours variable, selon l\\u2019environnement, les situations, les personnes au tour, les contextes. Une personne qui para\\u00eet tout \\u00e0 fait \\u00e0 l\\u2019aise avec ses proches, peut ressentir un \\u00e9norme manque de confiance dans une r\\u00e9union de travail par exemple. C\\u2019est souvent \\u00e0 l\\u2019\\u00e9cole pour les enfants, et en situation publique pour les adultes que ce mal aise pourrait survenir et nous porter pr\\u00e9judice. Alors, l\\u2019enfant pourrait s\\u2019isoler ou s\\u2019enfermer si ces situations se r\\u00e9p\\u00e8tent trop souvent, avoir une chute des r\\u00e9sultats scolaires, surtout si les adultes ne s\\u2019en rendent pas compte tout de suite ; quand \\u00e0 l\\u2019adulte, il\\\/elle pourrait perdre ses moyens, manquer d\\u2019arguments pour d\\u00e9fendre ses id\\u00e9es, son int\\u00e9r\\u00eat, avoir des diff\\u00e9rentes formes et stades d\\u2019inhibitions.\\n\\nLe manque de confiance en soi, pourrait g\\u00e9n\\u00e9rer une vie amoureuse insatisfaisante ; emp\\u00eacher la r\\u00e9ussite professionnel, personnel, affective, financi\\u00e8re etc.\\n\\nL\\u2019hypnose va r\\u00e9unir le cerveau gauche (cerveau de la logique, le conscient) et le cerveau droit (cerveau des \\u00e9motions, l\\u2019inconscient), la synchronisation de ces deux partie formant une \\u00e9quipe, nous aide \\u00e0 acc\\u00e9der aux capacit\\u00e9s et cr\\u00e9ativit\\u00e9 inexplor\\u00e9es jusqu\\u2019\\u00e0 maintenant, mais qui sont en chacun de nous\\u2026 C\\u2019est comme si jusqu\\u2019\\u00e0 aujourd\\u2019hui, vous aviez une belle voiture dans votre garage, mais que vous ne saviez pas comment la conduire, et qu\\u2019on vous offre un cours de conduite pour que d\\u00e8s demain vous puissiez prendre la voiture pour aller exactement l\\u00e0 o\\u00f9 vous avez toujours voulu aller\\u2026\\n\",\"margin\":\"default\"}}]}]}]},{\"type\":\"section\",\"props\":{\"image_position\":\"center-center\",\"style\":\"default\",\"title_breakpoint\":\"xl\",\"title_position\":\"top-left\",\"title_rotation\":\"left\",\"vertical_align\":\"middle\",\"width\":\"default\"},\"children\":[{\"type\":\"row\",\"children\":[{\"type\":\"column\",\"props\":{\"image_position\":\"center-center\",\"position_sticky_breakpoint\":\"m\"},\"children\":[{\"type\":\"totop\",\"props\":{\"margin\":\"default\",\"title_grid_column_gap\":\"small\",\"title_grid_row_gap\":\"small\"}}]}]}]}],\"version\":\"4.5.28\"} --><\/p>\n","protected":false},"excerpt":{"rendered":"<p>Confiance en soi, la cl\u00e9 de la r\u00e9ussite&#8230; Une bonne confiance en soi est un des ingr\u00e9diant qui permet d&rsquo;avoir une bon estime de soi. Le niveau de la confiance en soi est toujours variable, selon l\u2019environnement, les situations, les personnes au tour, les contextes. Une personne qui para\u00eet tout \u00e0 fait \u00e0 l\u2019aise avec [&hellip;]<\/p>\n","protected":false},"author":3,"featured_media":0,"parent":0,"menu_order":0,"comment_status":"closed","ping_status":"closed","template":"","meta":{"footnotes":""},"class_list":["post-245","page","type-page","status-publish","hentry"],"_links":{"self":[{"href":"https:\/\/saintes-hypnose.dev-artgrafik.com\/index.php?rest_route=\/wp\/v2\/pages\/245","targetHints":{"allow":["GET"]}}],"collection":[{"href":"https:\/\/saintes-hypnose.dev-artgrafik.com\/index.php?rest_route=\/wp\/v2\/pages"}],"about":[{"href":"https:\/\/saintes-hypnose.dev-artgrafik.com\/index.php?rest_route=\/wp\/v2\/types\/page"}],"author":[{"embeddable":true,"href":"https:\/\/saintes-hypnose.dev-artgrafik.com\/index.php?rest_route=\/wp\/v2\/users\/3"}],"replies":[{"embeddable":true,"href":"https:\/\/saintes-hypnose.dev-artgrafik.com\/index.php?rest_route=%2Fwp%2Fv2%2Fcomments&post=245"}],"version-history":[{"count":8,"href":"https:\/\/saintes-hypnose.dev-artgrafik.com\/index.php?rest_route=\/wp\/v2\/pages\/245\/revisions"}],"predecessor-version":[{"id":378,"href":"https:\/\/saintes-hypnose.dev-artgrafik.com\/index.php?rest_route=\/wp\/v2\/pages\/245\/revisions\/378"}],"wp:attachment":[{"href":"https:\/\/saintes-hypnose.dev-artgrafik.com\/index.php?rest_route=%2Fwp%2Fv2%2Fmedia&parent=245"}],"curies":[{"name":"wp","href":"https:\/\/api.w.org\/{rel}","templated":true}]}}