{"id":272,"date":"2025-10-23T10:56:21","date_gmt":"2025-10-23T10:56:21","guid":{"rendered":"https:\/\/saintes-hypnose.dev-artgrafik.com\/?page_id=272"},"modified":"2025-10-23T13:03:01","modified_gmt":"2025-10-23T13:03:01","slug":"questions-frequentes","status":"publish","type":"page","link":"https:\/\/saintes-hypnose.dev-artgrafik.com\/?page_id=272","title":{"rendered":"Questions fr\u00e9quentes"},"content":{"rendered":"<ul>\n<li>\n<div>Est ce que je suis r\u00e9ceptif\/ve?<\/div>\n<\/li>\n<li>\n<div>L&rsquo;\u00e9tat d&rsquo;hypnose c&rsquo;est comment?<\/div>\n<\/li>\n<li>\n<div>Pourquoi choisir l&rsquo;hypnose?<\/div>\n<\/li>\n<li>\n<div>Est ce qu&rsquo;on dort dans une s\u00e9ance d&rsquo;hypnose?<\/div>\n<\/li>\n<li>\n<div>Est ce que je perds cont\u00f4le comme \u00e0 la t\u00e9l\u00e9?<\/div>\n<\/li>\n<li>\n<div>\u00c0 partir de quel \u00e2ge pour les enfants?<\/div>\n<\/li>\n<li>\n<div>Comment se passe une s\u00e9ance d&rsquo;hypnose?<\/div>\n<\/li>\n<li>\n<div>Combien de s\u00e9ances faut-il faire?<\/div>\n<\/li>\n<\/ul>\n<ul>\n<li>\n<h3>Est ce que je suis r\u00e9ceptif\/ve?<\/h3>\n<div>C\u2019est une question que beaucoup de personne se posent, il y en a m\u00eame qui disent : \u00ab \u00e7a ne marche pas avec moi \u00bb ou \u00ab J\u2019ai essay\u00e9 une fois, et \u00e7a n\u2019a pas bien march\u00e9 \u00bb ou encore : \u00ab On ne m\u2019aura pas comme \u00e7a. \u00bb\u2026<\/p>\n<p>Il y a autant de fa\u00e7ons d\u2019entrer en transe, donc d\u2019hypnotiser qu\u2019autant de personnes. Chaque personne est diff\u00e9rente, un psychologue ne peut pas tenir le m\u00eame discours pour tous ses consultants.<\/p>\n<p>Etant donn\u00e9 que pour l\u2019hypnoth\u00e9rapeute, chaque personne est unique. Il va alors utiliser un langage et les techniques adapt\u00e9s \u00e0 la personne, afin de proposer des suggestions qui lui conviennent pour faciliter le guidage dans l\u2019accompagnement du changement. La porte d\u2019entr\u00e9e est les canaux sensoriels principaux de la personne.<\/p>\n<p>Les diff\u00e9rentes fa\u00e7ons d\u2019hypnotiser sont comme les diff\u00e9rents styles de musique. Tout le monde est r\u00e9ceptif \u00e0 la musique, mais pas tous au m\u00eame style. Et bien, tout le monde n\u2019entrent pas en hypnose par la m\u00eame porte, il suffit de trouver la bonne ! Et la bonne porte c\u2019est celle qui convient au patient !! Pour que la personne entre dans une r\u00e9ceptivit\u00e9 optimale, en l\u2019occurrence aux suggestions th\u00e9rapeutiques, qui lui permettent d\u2019aller mieux, l\u2019hypnotiseur va employer des mots qui sonnent au rythme de l\u2019hypnotis\u00e9(e), des images qui ont ses couleurs, des sensations qui lui sont propres, des plats \u00e0 ses gouts\u2026 Ce qui fait que c\u2019est toujours l\u2019accompagn\u00e9(e) qui choisi parmi les diff\u00e9rentes portes qui lui sont ouvertes gr\u00e2ce \u00e0 l\u2019hypnose.<\/p><\/div>\n<\/li>\n<li>\n<h3>L\u2019\u00e9tat d\u2019hypnose c\u2019est comment?<\/h3>\n<div>\n<p>Dans notre quotidien, nous alternons tous les jours, plusieurs fois par jour ces deux \u00e9tats, que chacun conna\u00eet par c\u0153ur\u2026 Il y en a un qui est plus mis en avant que l\u2019autre par l\u2019\u00e9ducation, \u00e0 tord\u2026 Il faudrait d\u00e9j\u00e0 r\u00e9ussir \u00e0 d\u00e9crire cet \u00e9tat modifi\u00e9 de conscience\u2026 C\u2019est simplement la notion d\u2019\u00eatre \u00e0 la fois ici et ailleurs\u2026 D\u2019avoir le corps, le conscient qui est dissoci\u00e9 \u00e0 l\u2019ici et maintenant, est associ\u00e9 \u00e0 un ailleurs dans l\u2019imaginaire : L\u2019\u00e9tat d\u2019hypnose.<\/p>\n<\/p>\n<\/div>\n<\/li>\n<\/ul>\n<p><!--more--><br \/>\n<!-- {\"type\":\"layout\",\"children\":[{\"type\":\"section\",\"props\":{\"image_position\":\"center-center\",\"style\":\"default\",\"title_breakpoint\":\"xl\",\"title_position\":\"top-left\",\"title_rotation\":\"left\",\"vertical_align\":\"middle\",\"width\":\"default\"},\"children\":[{\"type\":\"row\",\"children\":[{\"type\":\"column\",\"props\":{\"image_position\":\"center-center\",\"position_sticky_breakpoint\":\"m\"},\"children\":[{\"type\":\"list\",\"props\":{\"column_breakpoint\":\"m\",\"image_align\":\"left\",\"image_svg_color\":\"emphasis\",\"image_vertical_align\":true,\"list_element\":\"ul\",\"list_horizontal_separator\":\", \",\"list_type\":\"vertical\",\"show_image\":true,\"show_link\":true},\"children\":[{\"type\":\"list_item\",\"props\":{\"content\":\"Est ce que je suis r\\u00e9ceptif\\\/ve?\"}},{\"type\":\"list_item\",\"props\":{\"content\":\"L'\\u00e9tat d'hypnose c'est comment?\"}},{\"type\":\"list_item\",\"props\":{\"content\":\"Pourquoi choisir l'hypnose?\"}},{\"type\":\"list_item\",\"props\":{\"content\":\"Est ce qu'on dort dans une s\\u00e9ance d'hypnose?\"}},{\"type\":\"list_item\",\"props\":{\"content\":\"Est ce que je perds cont\\u00f4le comme \\u00e0 la t\\u00e9l\\u00e9?\"}},{\"type\":\"list_item\",\"props\":{\"content\":\"\\u00c0 partir de quel \\u00e2ge pour les enfants?\"}},{\"type\":\"list_item\",\"props\":{\"content\":\"Comment se passe une s\\u00e9ance d'hypnose?\"}},{\"type\":\"list_item\",\"props\":{\"content\":\"Combien de s\\u00e9ances faut-il faire?\"}}]}]}]}]},{\"type\":\"section\",\"props\":{\"image_position\":\"center-center\",\"style\":\"default\",\"title_breakpoint\":\"xl\",\"title_position\":\"top-left\",\"title_rotation\":\"left\",\"vertical_align\":\"middle\",\"width\":\"default\"},\"children\":[{\"type\":\"row\",\"children\":[{\"type\":\"column\",\"props\":{\"image_position\":\"center-center\",\"position_sticky_breakpoint\":\"m\"},\"children\":[{\"type\":\"accordion\",\"props\":{\"collapsible\":true,\"content_column_breakpoint\":\"m\",\"image_align\":\"top\",\"image_grid_breakpoint\":\"m\",\"image_grid_width\":\"1-2\",\"image_svg_color\":\"emphasis\",\"link_style\":\"default\",\"link_text\":\"Read more\",\"show_image\":true,\"show_link\":true},\"children\":[{\"type\":\"accordion_item\",\"props\":{\"content\":\"C\\u2019est une question que beaucoup de personne se posent, il y en a m\\u00eame qui disent : \\u00ab \\u00e7a ne marche pas avec moi \\u00bb ou \\u00ab J\\u2019ai essay\\u00e9 une fois, et \\u00e7a n\\u2019a pas bien march\\u00e9 \\u00bb ou encore : \\u00ab On ne m\\u2019aura pas comme \\u00e7a. \\u00bb\\u2026\\n\\nIl y a autant de fa\\u00e7ons d\\u2019entrer en transe, donc d\\u2019hypnotiser qu\\u2019autant de personnes. Chaque personne est diff\\u00e9rente, un psychologue ne peut pas tenir le m\\u00eame discours pour tous ses consultants.\\n\\nEtant donn\\u00e9 que pour l\\u2019hypnoth\\u00e9rapeute, chaque personne est unique. Il va alors utiliser un langage et les techniques adapt\\u00e9s \\u00e0 la personne, afin de proposer des suggestions qui lui conviennent pour faciliter le guidage dans l\\u2019accompagnement du changement. La porte d\\u2019entr\\u00e9e est les canaux sensoriels principaux de la personne.\\n\\nLes diff\\u00e9rentes fa\\u00e7ons d\\u2019hypnotiser sont comme les diff\\u00e9rents styles de musique. Tout le monde est r\\u00e9ceptif \\u00e0 la musique, mais pas tous au m\\u00eame style. Et bien, tout le monde n\\u2019entrent pas en hypnose par la m\\u00eame porte, il suffit de trouver la bonne ! Et la bonne porte c\\u2019est celle qui convient au patient !! Pour que la personne entre dans une r\\u00e9ceptivit\\u00e9 optimale, en l\\u2019occurrence aux suggestions th\\u00e9rapeutiques, qui lui permettent d\\u2019aller mieux, l\\u2019hypnotiseur va employer des mots qui sonnent au rythme de l\\u2019hypnotis\\u00e9(e), des images qui ont ses couleurs, des sensations qui lui sont propres, des plats \\u00e0 ses gouts\\u2026 Ce qui fait que c\\u2019est toujours l\\u2019accompagn\\u00e9(e) qui choisi parmi les diff\\u00e9rentes portes qui lui sont ouvertes gr\\u00e2ce \\u00e0 l\\u2019hypnose.\",\"title\":\"Est ce que je suis r\\u00e9ceptif\\\/ve?\"}},{\"type\":\"accordion_item\",\"props\":{\"content\":\"\n\n<p>Dans notre quotidien, nous alternons tous les jours, plusieurs fois par jour ces deux \\u00e9tats, que chacun conna\\u00eet par c\\u0153ur\\u2026 Il y en a un qui est plus mis en avant que l\\u2019autre par l\\u2019\\u00e9ducation, \\u00e0 tord\\u2026 Il faudrait d\\u00e9j\\u00e0 r\\u00e9ussir \\u00e0 d\\u00e9crire cet \\u00e9tat modifi\\u00e9 de conscience\\u2026 C\\u2019est simplement la notion d\\u2019\\u00eatre \\u00e0 la fois ici et ailleurs\\u2026 D\\u2019avoir le corps, le conscient qui est dissoci\\u00e9 \\u00e0 l\\u2019ici et maintenant, est associ\\u00e9 \\u00e0 un ailleurs dans l\\u2019imaginaire : L\\u2019\\u00e9tat d\\u2019hypnose.<\\\/p>\\n\n\n<p><\\\/p>\",\"title\":\"L\\u2019\\u00e9tat d\\u2019hypnose c\\u2019est comment?\"}}]}]}]}]}],\"version\":\"4.5.28\"} --><\/p>\n","protected":false},"excerpt":{"rendered":"<p>Est ce que je suis r\u00e9ceptif\/ve? L&rsquo;\u00e9tat d&rsquo;hypnose c&rsquo;est comment? Pourquoi choisir l&rsquo;hypnose? Est ce qu&rsquo;on dort dans une s\u00e9ance d&rsquo;hypnose? Est ce que je perds cont\u00f4le comme \u00e0 la t\u00e9l\u00e9? \u00c0 partir de quel \u00e2ge pour les enfants? Comment se passe une s\u00e9ance d&rsquo;hypnose? Combien de s\u00e9ances faut-il faire? Est ce que je suis [&hellip;]<\/p>\n","protected":false},"author":3,"featured_media":0,"parent":0,"menu_order":0,"comment_status":"closed","ping_status":"closed","template":"","meta":{"footnotes":""},"class_list":["post-272","page","type-page","status-publish","hentry"],"_links":{"self":[{"href":"https:\/\/saintes-hypnose.dev-artgrafik.com\/index.php?rest_route=\/wp\/v2\/pages\/272","targetHints":{"allow":["GET"]}}],"collection":[{"href":"https:\/\/saintes-hypnose.dev-artgrafik.com\/index.php?rest_route=\/wp\/v2\/pages"}],"about":[{"href":"https:\/\/saintes-hypnose.dev-artgrafik.com\/index.php?rest_route=\/wp\/v2\/types\/page"}],"author":[{"embeddable":true,"href":"https:\/\/saintes-hypnose.dev-artgrafik.com\/index.php?rest_route=\/wp\/v2\/users\/3"}],"replies":[{"embeddable":true,"href":"https:\/\/saintes-hypnose.dev-artgrafik.com\/index.php?rest_route=%2Fwp%2Fv2%2Fcomments&post=272"}],"version-history":[{"count":14,"href":"https:\/\/saintes-hypnose.dev-artgrafik.com\/index.php?rest_route=\/wp\/v2\/pages\/272\/revisions"}],"predecessor-version":[{"id":310,"href":"https:\/\/saintes-hypnose.dev-artgrafik.com\/index.php?rest_route=\/wp\/v2\/pages\/272\/revisions\/310"}],"wp:attachment":[{"href":"https:\/\/saintes-hypnose.dev-artgrafik.com\/index.php?rest_route=%2Fwp%2Fv2%2Fmedia&parent=272"}],"curies":[{"name":"wp","href":"https:\/\/api.w.org\/{rel}","templated":true}]}}