{"id":295,"date":"2025-10-23T12:27:54","date_gmt":"2025-10-23T12:27:54","guid":{"rendered":"https:\/\/saintes-hypnose.dev-artgrafik.com\/?page_id=295"},"modified":"2025-10-23T16:53:55","modified_gmt":"2025-10-23T16:53:55","slug":"hypnose-et-vous","status":"publish","type":"page","link":"https:\/\/saintes-hypnose.dev-artgrafik.com\/?page_id=295","title":{"rendered":"Hypnose et Vous"},"content":{"rendered":"<hr>\n<ul>\n<li>\n        <a href=\"\/?page_id=315\">Hypnose th\u00e9rapeutique<\/a>\n    <\/li>\n<li>\n        <a href=\"\/?page_id=272\">Questions fr\u00e9quentes<\/a>\n    <\/li>\n<li>\n        <a href=\"\">Prendre RDV<\/a>\n    <\/li>\n<\/ul>\n<hr>\n<ul>\n<li>\n<p>        <img decoding=\"async\" src=\"\/wp-content\/uploads\/2025\/09\/version_200_proxy-d7b752c78bbd08477b6bda8b08019b92-og20180307-4185302-1nr1m06.jpeg\" alt=\"Hypnose : Arr\u00eat du tabac\"><\/p>\n<p><a href=\"\/?page_id=195\">Arr\u00eat Tabac<\/a><\/p>\n<\/li>\n<li>\n<p>        <img decoding=\"async\" src=\"\/wp-content\/uploads\/photo-1598146621261-7cdbb2b30d4b-scaled.jpg\" alt=\"Hypnose : Mincir\"><\/p>\n<p><a href=\"\/?page_id=198\">Deuil<\/a><\/p>\n<\/li>\n<li>\n<p>        <img decoding=\"async\" src=\"\/wp-content\/uploads\/2025\/09\/version_200_street-sign-141396_1920-1.jpeg\" alt=\"Hypnose : Gai-Rire ou Gu\u00e9rir\"><\/p>\n<p><a href=\"\/?page_id=217\">Gu\u00e9rire ou Gai-Rire<\/a><\/p>\n<\/li>\n<li>\n<p>        <img decoding=\"async\" src=\"\/wp-content\/uploads\/2025\/09\/version_200_street-sign-141396_1920.jpeg\" alt=\"Hypnose : Gai-Rire ou Gu\u00e9rir\"><\/p>\n<p><a href=\"\/?page_id=245\">Confiance\/Estime de Soi<\/a><\/p>\n<\/li>\n<li>\n<p>        <img decoding=\"async\" src=\"\/wp-content\/uploads\/photo-1586473219010-2ffc57b0d282-scaled.jpg\" alt=\"\"><\/p>\n<p><a href=\"\/?page_id=354\">Stress<\/a><\/p>\n<\/li>\n<li>\n<p>        <img decoding=\"async\" src=\"\/wp-content\/uploads\/pexels-photo-6963059-scaled.jpeg\" alt=\"\"><\/p>\n<p><a href=\"\/?page_id=365\">Couple en vrille<\/a><\/p>\n<\/li>\n<li>\n<p>        <img decoding=\"async\" src=\"\/wp-content\/uploads\/pexels-photo-5427655-scaled.jpeg\" alt=\"\"><\/p>\n<h2>Enfants\/Ados<\/h2>\n<div>L&rsquo;Hypnose et l&rsquo;enfance<\/p>\n<p>Qui n\u2019a pas dit un jour que son enfant \u00e9tait \u00ab Souvent dans la lune \u00bb ?<\/p>\n<p>Les enfants sont en \u00e9tat d\u2019hypnose en permanence jusqu\u2019\u00e0 l\u2019\u00e2ge de 7 ans\u2026 C\u2019est tellement naturel pour eux que cela fait partie d\u2019eux.<\/p>\n<p>De ce fait tr\u00e8s facile d\u2019emmener les enfants et les adolescents en \u00e9tat d\u2019hypnose, des r\u00e9sultats th\u00e9rapeutiques sont quasiment imm\u00e9diats\u2026 L&rsquo;hypnose va les aider \u00e0 grandir avec s\u00e9r\u00e9nit\u00e9; \u00e0 apprivoiser les diff\u00e9rentes \u00e9motions, \u00e0 les g\u00e9rer, les transformer; \u00e0 faire face aux \u00e9preuves d&rsquo;une enfance: d\u00e9m\u00e9nagement, deuil, s\u00e9paration, difficult\u00e9s \u00e0 l&rsquo;\u00e9cole, troubles de comportement, passage de la pubert\u00e9, r\u00e9ussir les examens\/concours etc. <\/p>\n<p>Ce serait tellement g\u00e9nial si on pouvait leur apprendre \u00e0 maitriser cet \u00e9tat, pour qu\u2019ils puissent modeler avec, peut \u00eatre qu\u2019un jour, il y aura un cours de modelage des \u00e9tats de conscience en CP ?&#8230; L\u2019apprentissage \u00e0 l\u2019\u00e9cole deviendra qu&rsquo;une exp\u00e9rience ludique et avec des jeux \u00e9ducatifs !!<\/p>\n<p>Je re\u00e7oit les enfants \u00e0 partir de 3 ans, avec la pr\u00e9sence des parents pendant la premk\u00e8re partie du rdv.<\/p>\n<p>ps. parfois les changements positifs sont gach\u00e9s par le non changement de comportement et attitude des parents, vous seriez potentiellement amen\u00e9 \u00e0 faire un petit travail sur vous \u00e9galement, car vous \u00eates le terreau dans le quel vos enfants poussent. <\/p><\/div>\n<\/li>\n<li>\n<p>        <img decoding=\"async\" src=\"\/wp-content\/uploads\/pexels-photo-3812743-scaled.jpeg\" alt=\"\"><\/p>\n<h2>Gestion des \u00e9motions \/Phobies<\/h2>\n<div>Avec l&rsquo;exp\u00e9rience clinique que j&rsquo;ai eu en cabinet depuis plus de 10 ans, j&rsquo;ai remarqu\u00e9 que les personnes souffrantes des phobies et des difficult\u00e9s \u00e0 gerer leurs \u00e9mations sont beaucoup plus souvent vuln\u00e9rable face au stress. Traiter les phobies et apprendre \u00e0 g\u00e9rer ses \u00e9motions devient une cl\u00e9 essentiel pour gagner en mieux- \u00eatre au quotidien.<br \/>\nL&rsquo;hypnose et surtour auto-hypnose va agire directement sur le centre de gestion des \u00e9motion: votre inconscient. Alors quoi de mieux que d&rsquo;aller parler directement au \u00ab\u00a0Grand-chef\u00a0\u00bb pour obtenir le changement?!<\/p>\n<p>Je fais l&rsquo;honneur \u00e0 un autre outil fabuleux: \u00ab\u00a0Tipi\u00a0\u00bb, une technique de r\u00e9gulation \u00e9motionnelle qui passe directement par le corps, extr\u00eament efficace. Merci \u00e0 Luc Nicon, le cr\u00e9ateur de cette technique. <\/p><\/div>\n<\/li>\n<\/ul>\n<p><!--more--><br \/>\n<!-- {\"type\":\"layout\",\"children\":[{\"type\":\"section\",\"props\":{\"image_position\":\"center-center\",\"padding_remove_top\":true,\"style\":\"default\",\"title_breakpoint\":\"xl\",\"title_position\":\"top-left\",\"title_rotation\":\"left\",\"vertical_align\":\"middle\",\"width\":\"default\"},\"children\":[{\"type\":\"row\",\"children\":[{\"type\":\"column\",\"props\":{\"image_position\":\"center-center\",\"position_sticky_breakpoint\":\"m\"},\"children\":[{\"type\":\"divider\",\"props\":{\"divider_element\":\"hr\"}},{\"type\":\"subnav\",\"children\":[{\"type\":\"subnav_item\",\"props\":{\"content\":\"Hypnose th\\u00e9rapeutique\",\"link\":\"?page_id=315\"}},{\"type\":\"subnav_item\",\"props\":{\"content\":\"Questions fr\\u00e9quentes\",\"link\":\"?page_id=272\"}},{\"type\":\"subnav_item\",\"props\":{\"content\":\"Prendre RDV\"}}]},{\"type\":\"divider\",\"props\":{\"divider_element\":\"hr\"}},{\"type\":\"grid\",\"props\":{\"content_column_breakpoint\":\"m\",\"filter_align\":\"left\",\"filter_all\":true,\"filter_grid_breakpoint\":\"m\",\"filter_grid_width\":\"auto\",\"filter_position\":\"top\",\"filter_style\":\"tab\",\"grid_default\":\"1\",\"grid_medium\":\"4\",\"grid_small\":\"2\",\"icon_width\":80,\"image_align\":\"top\",\"image_border\":\"circle\",\"image_box_decoration\":\"mask\",\"image_grid_breakpoint\":\"m\",\"image_grid_width\":\"1-2\",\"image_height\":300,\"image_loading\":true,\"image_svg_color\":\"emphasis\",\"image_transition\":\"scale-up\",\"image_width\":300,\"item_animation\":true,\"lightbox_bg_close\":true,\"link_style\":\"default\",\"link_text\":\"Read more\",\"margin\":\"default\",\"meta_align\":\"below-title\",\"meta_element\":\"div\",\"meta_style\":\"text-meta\",\"show_content\":true,\"show_hover_image\":true,\"show_hover_video\":true,\"show_image\":true,\"show_link\":true,\"show_meta\":true,\"show_title\":true,\"show_video\":true,\"text_align\":\"center\",\"title_align\":\"top\",\"title_element\":\"h2\",\"title_grid_breakpoint\":\"m\",\"title_grid_width\":\"1-2\",\"title_hover_style\":\"reset\",\"title_style\":\"h4\"},\"children\":[{\"type\":\"grid_item\",\"props\":{\"content\":\"\",\"image\":\"wp-content\\\/uploads\\\/2025\\\/09\\\/version_200_proxy-d7b752c78bbd08477b6bda8b08019b92-og20180307-4185302-1nr1m06.jpeg\",\"image_alt\":\"Hypnose : Arr\\u00eat du tabac\",\"link\":\"?page_id=195\",\"link_text\":\"Arr\\u00eat Tabac\",\"meta\":\"\",\"title\":\"\"}},{\"type\":\"grid_item\",\"props\":{\"content\":\"\",\"image\":\"wp-content\\\/uploads\\\/photo-1598146621261-7cdbb2b30d4b-scaled.jpg\",\"image_alt\":\"Hypnose : Mincir\",\"link\":\"?page_id=198\",\"link_text\":\"Deuil\",\"title\":\"\"}},{\"type\":\"grid_item\",\"props\":{\"content\":\"\",\"image\":\"wp-content\\\/uploads\\\/2025\\\/09\\\/version_200_street-sign-141396_1920-1.jpeg\",\"image_alt\":\"Hypnose : Gai-Rire ou Gu\\u00e9rir\",\"link\":\"?page_id=217\",\"link_text\":\"Gu\\u00e9rire ou Gai-Rire\",\"title\":\"\"}},{\"type\":\"grid_item\",\"props\":{\"content\":\"\",\"image\":\"wp-content\\\/uploads\\\/2025\\\/09\\\/version_200_street-sign-141396_1920.jpeg\",\"image_alt\":\"Hypnose : Gai-Rire ou Gu\\u00e9rir\",\"link\":\"?page_id=245\",\"link_text\":\"Confiance\\\/Estime de Soi\",\"title\":\"\"}},{\"type\":\"grid_item\",\"props\":{\"content\":\"\",\"image\":\"wp-content\\\/uploads\\\/photo-1586473219010-2ffc57b0d282-scaled.jpg\",\"link\":\"?page_id=354\",\"link_text\":\"Stress\",\"title\":\"\"}},{\"type\":\"grid_item\",\"props\":{\"content\":\"\",\"image\":\"wp-content\\\/uploads\\\/pexels-photo-6963059-scaled.jpeg\",\"link\":\"?page_id=365\",\"link_text\":\"Couple en vrille\",\"title\":\"\"}},{\"type\":\"grid_item\",\"props\":{\"content\":\"L'Hypnose et l'enfance\\n\\nQui n\\u2019a pas dit un jour que son enfant \\u00e9tait \\u00ab Souvent dans la lune \\u00bb ?\\n\\nLes enfants sont en \\u00e9tat d\\u2019hypnose en permanence jusqu\\u2019\\u00e0 l\\u2019\\u00e2ge de 7 ans\\u2026 C\\u2019est tellement naturel pour eux que cela fait partie d\\u2019eux.\\n\\nDe ce fait tr\\u00e8s facile d\\u2019emmener les enfants et les adolescents en \\u00e9tat d\\u2019hypnose, des r\\u00e9sultats th\\u00e9rapeutiques sont quasiment imm\\u00e9diats\\u2026 L'hypnose va les aider \\u00e0 grandir avec s\\u00e9r\\u00e9nit\\u00e9; \\u00e0 apprivoiser les diff\\u00e9rentes \\u00e9motions, \\u00e0 les g\\u00e9rer, les transformer; \\u00e0 faire face aux \\u00e9preuves d'une enfance: d\\u00e9m\\u00e9nagement, deuil, s\\u00e9paration, difficult\\u00e9s \\u00e0 l'\\u00e9cole, troubles de comportement, passage de la pubert\\u00e9, r\\u00e9ussir les examens\\\/concours etc. \\n\\nCe serait tellement g\\u00e9nial si on pouvait leur apprendre \\u00e0 maitriser cet \\u00e9tat, pour qu\\u2019ils puissent modeler avec, peut \\u00eatre qu\\u2019un jour, il y aura un cours de modelage des \\u00e9tats de conscience en CP ?... L\\u2019apprentissage \\u00e0 l\\u2019\\u00e9cole deviendra qu'une exp\\u00e9rience ludique et avec des jeux \\u00e9ducatifs !!\\n\\nJe re\\u00e7oit les enfants \\u00e0 partir de 3 ans, avec la pr\\u00e9sence des parents pendant la premk\\u00e8re partie du rdv.\\n\\nps. parfois les changements positifs sont gach\\u00e9s par le non changement de comportement et attitude des parents, vous seriez potentiellement amen\\u00e9 \\u00e0 faire un petit travail sur vous \\u00e9galement, car vous \\u00eates le terreau dans le quel vos enfants poussent. \",\"image\":\"wp-content\\\/uploads\\\/pexels-photo-5427655-scaled.jpeg\",\"title\":\"Enfants\\\/Ados\"}},{\"type\":\"grid_item\",\"props\":{\"content\":\"Avec l'exp\\u00e9rience clinique que j'ai eu en cabinet depuis plus de 10 ans, j'ai remarqu\\u00e9 que les personnes souffrantes des phobies et des difficult\\u00e9s \\u00e0 gerer leurs \\u00e9mations sont beaucoup plus souvent vuln\\u00e9rable face au stress. Traiter les phobies et apprendre \\u00e0 g\\u00e9rer ses \\u00e9motions devient une cl\\u00e9 essentiel pour gagner en mieux- \\u00eatre au quotidien. \\nL'hypnose et surtour auto-hypnose va agire directement sur le centre de gestion des \\u00e9motion: votre inconscient. Alors quoi de mieux que d'aller parler directement au \\\"Grand-chef\\\" pour obtenir le changement?!\\n\\nJe fais l'honneur \\u00e0 un autre outil fabuleux: \\\"Tipi\\\", une technique de r\\u00e9gulation \\u00e9motionnelle qui passe directement par le corps, extr\\u00eament efficace. Merci \\u00e0 Luc Nicon, le cr\\u00e9ateur de cette technique. \",\"image\":\"wp-content\\\/uploads\\\/pexels-photo-3812743-scaled.jpeg\",\"title\":\"Gestion des \\u00e9motions \\\/Phobies\"}}]}]}]}],\"name\":\"L'Hypnose et vous\"}],\"version\":\"4.5.28\"} --><\/p>\n","protected":false},"excerpt":{"rendered":"<p>Hypnose th\u00e9rapeutique Questions fr\u00e9quentes Prendre RDV Arr\u00eat Tabac Deuil Gu\u00e9rire ou Gai-Rire Confiance\/Estime de Soi Stress Couple en vrille Enfants\/Ados L&rsquo;Hypnose et l&rsquo;enfance Qui n\u2019a pas dit un jour que son enfant \u00e9tait \u00ab Souvent dans la lune \u00bb ? Les enfants sont en \u00e9tat d\u2019hypnose en permanence jusqu\u2019\u00e0 l\u2019\u00e2ge de 7 ans\u2026 C\u2019est tellement [&hellip;]<\/p>\n","protected":false},"author":2,"featured_media":0,"parent":0,"menu_order":0,"comment_status":"closed","ping_status":"closed","template":"","meta":{"footnotes":""},"class_list":["post-295","page","type-page","status-publish","hentry"],"_links":{"self":[{"href":"https:\/\/saintes-hypnose.dev-artgrafik.com\/index.php?rest_route=\/wp\/v2\/pages\/295","targetHints":{"allow":["GET"]}}],"collection":[{"href":"https:\/\/saintes-hypnose.dev-artgrafik.com\/index.php?rest_route=\/wp\/v2\/pages"}],"about":[{"href":"https:\/\/saintes-hypnose.dev-artgrafik.com\/index.php?rest_route=\/wp\/v2\/types\/page"}],"author":[{"embeddable":true,"href":"https:\/\/saintes-hypnose.dev-artgrafik.com\/index.php?rest_route=\/wp\/v2\/users\/2"}],"replies":[{"embeddable":true,"href":"https:\/\/saintes-hypnose.dev-artgrafik.com\/index.php?rest_route=%2Fwp%2Fv2%2Fcomments&post=295"}],"version-history":[{"count":13,"href":"https:\/\/saintes-hypnose.dev-artgrafik.com\/index.php?rest_route=\/wp\/v2\/pages\/295\/revisions"}],"predecessor-version":[{"id":373,"href":"https:\/\/saintes-hypnose.dev-artgrafik.com\/index.php?rest_route=\/wp\/v2\/pages\/295\/revisions\/373"}],"wp:attachment":[{"href":"https:\/\/saintes-hypnose.dev-artgrafik.com\/index.php?rest_route=%2Fwp%2Fv2%2Fmedia&parent=295"}],"curies":[{"name":"wp","href":"https:\/\/api.w.org\/{rel}","templated":true}]}}