{"id":315,"date":"2025-10-23T13:27:46","date_gmt":"2025-10-23T13:27:46","guid":{"rendered":"https:\/\/saintes-hypnose.dev-artgrafik.com\/?page_id=315"},"modified":"2025-10-23T21:49:04","modified_gmt":"2025-10-23T21:49:04","slug":"hypnose-therapeutique","status":"publish","type":"page","link":"https:\/\/saintes-hypnose.dev-artgrafik.com\/?page_id=315","title":{"rendered":"Hypnose th\u00e9rapeutique"},"content":{"rendered":"<ul>\n<li>\n        <a href=\"\/?page_id=295\">Hypnose et Vous<\/a>\n    <\/li>\n<li>\n        <a href=\"\/?page_id=272\">Questions fr\u00e9quentes<\/a>\n    <\/li>\n<\/ul>\n<p><img decoding=\"async\" src=\"\/wp-content\/uploads\/photo-1466781783364-36c955e42a7f-scaled.jpg\" alt=\"\"><\/p>\n<div>\n<p dir=\"ltr\">Hypnose Th\u00e9rapeutique\u2026<\/p>\n<hr \/>\n<p dir=\"ltr\">Contrairement \u00e0 l\u2019hypnose de spectacle (qui dit spectacle dit limit\u00e9 en temps, et pour but de divertissement), les bienfaits de l\u2019hypnose th\u00e9rapeutique durent dans le temps et avec l\u2019unique but qui est: d\u2019atteindre l\u2019objectif de celui ou celle qui consulte, pour un mieux \u00eatre, ou une lib\u00e9ration, ou un changement positif.<\/p>\n<p dir=\"ltr\">L\u2019\u00e9tat d&rsquo;hypnose n\u2019a aucun int\u00e9r\u00eat sans la partie th\u00e9rapeutique, donc la partie des \u00ab\u00a0suggestions\u00a0\u00bb.\u00a0C\u2019est un \u00ab\u00a0Etat de Conscience Elargie\u00a0\u00bb\u00a0o\u00f9 la personne est \u00e0 la fois ici et ailleurs, le temps d\u2019une s\u00e9ance, tout comme le temps d\u2019un film ou d\u2019une histoire. L\u2019int\u00e9r\u00eat du th\u00e9rapeute est juste d\u2019augmenter la suggestibilit\u00e9 du consultant\u00a0afin de lui proposer des suggestions appropri\u00e9es et en coh\u00e9rence \u00e0 sa demande, et l\u2019\u00e9tat d\u2019hypnose nous permet cette augmentation de suggestibilit\u00e9\u00a0tout en douceur, car en \u00e9tat de modifi\u00e9 de conscience, notre inconscient acc\u00e8de \u00e0 la parole, sinon, en temps que \u00ab\u00a0normal\u00a0\u00bb il communique avec des symboles.\u00a0Les diff\u00e9rentes techniques d\u2019hypnoses \u00a0th\u00e9rapeutiques permettent \u00e0 ce travail. Et c\u2019est aussi pour cela que les r\u00e9sultats positifs sont obtenus avec une rapidit\u00e9 et une efficacit\u00e9 incroyable. \u00a0<\/p>\n<hr \/>\n<p dir=\"ltr\">\n<\/div>\n<ul>\n<li>\n        <a href=\"\/?page_id=295\">Hypnose et Vous<\/a>\n    <\/li>\n<li>\n        <a href=\"\/?page_id=272\">Questions fr\u00e9quentes<\/a>\n    <\/li>\n<\/ul>\n<p><p>\n        <a href=\"#\">06 89 62 40 23<\/a>\n    <\/p>\n<\/p>\n<p><!--more--><br \/>\n<!-- {\"type\":\"layout\",\"children\":[{\"type\":\"section\",\"props\":{\"image_position\":\"center-center\",\"style\":\"default\",\"title_breakpoint\":\"xl\",\"title_position\":\"top-left\",\"title_rotation\":\"left\",\"vertical_align\":\"middle\",\"width\":\"default\"},\"children\":[{\"type\":\"row\",\"children\":[{\"type\":\"column\",\"props\":{\"image_position\":\"center-center\",\"position_sticky_breakpoint\":\"m\"},\"children\":[{\"type\":\"subnav\",\"children\":[{\"type\":\"subnav_item\",\"props\":{\"content\":\"Hypnose et Vous\",\"link\":\"?page_id=295\"}},{\"type\":\"subnav_item\",\"props\":{\"content\":\"Questions fr\\u00e9quentes\",\"link\":\"?page_id=272\"}}],\"props\":{\"subnav_style\":\"divider\"}}]}]},{\"type\":\"row\",\"children\":[{\"type\":\"column\",\"props\":{\"image_position\":\"center-center\",\"position_sticky_breakpoint\":\"m\"},\"children\":[{\"type\":\"image\",\"props\":{\"container_padding_remove\":false,\"image\":\"wp-content\\\/uploads\\\/photo-1466781783364-36c955e42a7f-scaled.jpg\",\"image_border\":\"rounded\",\"image_box_decoration\":\"mask\",\"image_box_shadow\":\"small\",\"image_focal_point\":\"top-center\",\"image_svg_color\":\"emphasis\",\"margin\":\"default\",\"position\":\"relative\",\"text_color\":\"light\"},\"source\":{\"query\":{\"name\":\"pages.singlePage\"}}},{\"type\":\"text\",\"props\":{\"column_breakpoint\":\"m\",\"content\":\"\n\n<p dir=\\\"ltr\\\">Hypnose Th\\u00e9rapeutique\\u2026<\\\/p>\\n\n\n<hr \\\/>\\n\n\n<p dir=\\\"ltr\\\">Contrairement \\u00e0 l\\u2019hypnose de spectacle (qui dit spectacle dit limit\\u00e9 en temps, et pour but de divertissement), les bienfaits de l\\u2019hypnose th\\u00e9rapeutique durent dans le temps et avec l\\u2019unique but qui est: d\\u2019atteindre l\\u2019objectif de celui ou celle qui consulte, pour un mieux \\u00eatre, ou une lib\\u00e9ration, ou un changement positif.<\\\/p>\\n\n\n<p dir=\\\"ltr\\\">L\\u2019\\u00e9tat d'hypnose n\\u2019a aucun int\\u00e9r\\u00eat sans la partie th\\u00e9rapeutique, donc la partie des \\\"suggestions\\\".\\u00a0C\\u2019est un \\\"Etat de Conscience Elargie\\\"\\u00a0o\\u00f9 la personne est \\u00e0 la fois ici et ailleurs, le temps d\\u2019une s\\u00e9ance, tout comme le temps d\\u2019un film ou d\\u2019une histoire. L\\u2019int\\u00e9r\\u00eat du th\\u00e9rapeute est juste d\\u2019augmenter la suggestibilit\\u00e9 du consultant\\u00a0afin de lui proposer des suggestions appropri\\u00e9es et en coh\\u00e9rence \\u00e0 sa demande, et l\\u2019\\u00e9tat d\\u2019hypnose nous permet cette augmentation de suggestibilit\\u00e9\\u00a0tout en douceur, car en \\u00e9tat de modifi\\u00e9 de conscience, notre inconscient acc\\u00e8de \\u00e0 la parole, sinon, en temps que \\\"normal\\\" il communique avec des symboles.\\u00a0Les diff\\u00e9rentes techniques d\\u2019hypnoses \\u00a0th\\u00e9rapeutiques permettent \\u00e0 ce travail. Et c\\u2019est aussi pour cela que les r\\u00e9sultats positifs sont obtenus avec une rapidit\\u00e9 et une efficacit\\u00e9 incroyable. \\u00a0<\\\/p>\\n\n\n<hr \\\/>\\n\n\n<p dir=\\\"ltr\\\"><\\\/p>\",\"margin\":\"default\"}},{\"type\":\"subnav\",\"children\":[{\"type\":\"subnav_item\",\"props\":{\"content\":\"Hypnose et Vous\",\"link\":\"?page_id=295\"}},{\"type\":\"subnav_item\",\"props\":{\"content\":\"Questions fr\\u00e9quentes\",\"link\":\"?page_id=272\"}}],\"props\":{\"subnav_style\":\"divider\"}},{\"type\":\"button\",\"props\":{\"grid_column_gap\":\"small\",\"grid_row_gap\":\"small\",\"margin\":\"default\"},\"children\":[{\"type\":\"button_item\",\"props\":{\"button_style\":\"default\",\"content\":\"06 89 62 40 23\",\"dialog_layout\":\"modal\",\"dialog_offcanvas_flip\":true,\"icon\":\"receiver\",\"icon_align\":\"left\",\"link\":\"#\",\"link_title\":\"Prendre RDV\"}}]},{\"type\":\"totop\",\"props\":{\"margin\":\"default\",\"title_grid_column_gap\":\"small\",\"title_grid_row_gap\":\"small\"}}]}]}]},{\"type\":\"section\",\"props\":{\"image_position\":\"center-center\",\"style\":\"default\",\"title_breakpoint\":\"xl\",\"title_position\":\"top-left\",\"title_rotation\":\"left\",\"vertical_align\":\"middle\",\"width\":\"default\"},\"children\":[{\"type\":\"row\",\"children\":[{\"type\":\"column\",\"props\":{\"image_position\":\"center-center\",\"position_sticky_breakpoint\":\"m\"}}]}]}],\"version\":\"4.5.28\"} --><\/p>\n","protected":false},"excerpt":{"rendered":"<p>Hypnose et Vous Questions fr\u00e9quentes Hypnose Th\u00e9rapeutique\u2026 Contrairement \u00e0 l\u2019hypnose de spectacle (qui dit spectacle dit limit\u00e9 en temps, et pour but de divertissement), les bienfaits de l\u2019hypnose th\u00e9rapeutique durent dans le temps et avec l\u2019unique but qui est: d\u2019atteindre l\u2019objectif de celui ou celle qui consulte, pour un mieux \u00eatre, ou une lib\u00e9ration, ou [&hellip;]<\/p>\n","protected":false},"author":3,"featured_media":0,"parent":0,"menu_order":0,"comment_status":"closed","ping_status":"closed","template":"","meta":{"footnotes":""},"class_list":["post-315","page","type-page","status-publish","hentry"],"_links":{"self":[{"href":"https:\/\/saintes-hypnose.dev-artgrafik.com\/index.php?rest_route=\/wp\/v2\/pages\/315","targetHints":{"allow":["GET"]}}],"collection":[{"href":"https:\/\/saintes-hypnose.dev-artgrafik.com\/index.php?rest_route=\/wp\/v2\/pages"}],"about":[{"href":"https:\/\/saintes-hypnose.dev-artgrafik.com\/index.php?rest_route=\/wp\/v2\/types\/page"}],"author":[{"embeddable":true,"href":"https:\/\/saintes-hypnose.dev-artgrafik.com\/index.php?rest_route=\/wp\/v2\/users\/3"}],"replies":[{"embeddable":true,"href":"https:\/\/saintes-hypnose.dev-artgrafik.com\/index.php?rest_route=%2Fwp%2Fv2%2Fcomments&post=315"}],"version-history":[{"count":26,"href":"https:\/\/saintes-hypnose.dev-artgrafik.com\/index.php?rest_route=\/wp\/v2\/pages\/315\/revisions"}],"predecessor-version":[{"id":399,"href":"https:\/\/saintes-hypnose.dev-artgrafik.com\/index.php?rest_route=\/wp\/v2\/pages\/315\/revisions\/399"}],"wp:attachment":[{"href":"https:\/\/saintes-hypnose.dev-artgrafik.com\/index.php?rest_route=%2Fwp%2Fv2%2Fmedia&parent=315"}],"curies":[{"name":"wp","href":"https:\/\/api.w.org\/{rel}","templated":true}]}}