{"id":354,"date":"2025-10-23T14:58:33","date_gmt":"2025-10-23T14:58:33","guid":{"rendered":"https:\/\/saintes-hypnose.dev-artgrafik.com\/?page_id=354"},"modified":"2025-10-23T14:59:03","modified_gmt":"2025-10-23T14:59:03","slug":"stress","status":"publish","type":"page","link":"https:\/\/saintes-hypnose.dev-artgrafik.com\/?page_id=354","title":{"rendered":"Stress"},"content":{"rendered":"<div>\n<p>De nos jours, le stress peut facilement nous envahir. Il existe diff\u00e9rentes m\u00e9thodes plus ou moins efficaces et plus ou moins rapides \u00e0 la gestion du stress, comme la pratique de la m\u00e9ditation, la visualisation cr\u00e9atrice, le yoga, la sophrologie etc. parmi toutes personnes souffrantes des effets n\u00e9fastes du stress, plus de la moiti\u00e9 ont entre 25 et 60 ans. Au rythme soutenu du quotidien, o\u00f9 tout va tr\u00e8s vite, et tout doit aller vite, la dur\u00e9e des s\u00e9ances th\u00e9rapeutiques doit aussi suivre ce nouveau rythme\u2026 L\u2019hypnose est une technique rapide, douce et efficace.<\/p>\n<p>L\u2019hypnose va passer par cet \u00e9tat de conscience modifi\u00e9, \u00e9largie par la transe hypnotique, cr\u00e9er un dialogue entre le cerveau gauche (celui qui cr\u00e9er du stress) et le cerveau droit (celui qui sait g\u00e9rer le stress), en hypnose th\u00e9rapeutique, on ne demande pas \u00e0 la personne de changer, il s\u2019agit de lui montrer comment ses comportements et ses r\u00e9actions sont construits actuellement, et comment reprendre les reines de son cheval pour pouvoir le diriger vers l\u00e0 o\u00f9 il veut aller. Un bon hypnoth\u00e9rapeute sait montrer \u00e0 toute\u00a0personne, sa capacit\u00e9 incroyable qu\u2019elle a \u00e0 entrer en hypnose, et avec une rapidit\u00e9 absolue.<\/p>\n<p>Avec l\u2019hypnose, transformez le stress en cr\u00e9ativit\u00e9, en efficacit\u00e9, en plaisir de vivre, en puissance mentale\u2026<\/p>\n<p>Le stress ext\u00eame serait le Burn-out alors agissez avant d&rsquo;en arriver l\u00e0!<\/p><\/div>\n<p><!--more--><br \/>\n<!-- {\"type\":\"layout\",\"children\":[{\"type\":\"section\",\"props\":{\"image_position\":\"center-center\",\"style\":\"default\",\"title_breakpoint\":\"xl\",\"title_position\":\"top-left\",\"title_rotation\":\"left\",\"vertical_align\":\"middle\",\"width\":\"default\"},\"children\":[{\"type\":\"row\",\"children\":[{\"type\":\"column\",\"props\":{\"image_position\":\"center-center\",\"position_sticky_breakpoint\":\"m\"},\"children\":[{\"type\":\"text\",\"props\":{\"column_breakpoint\":\"m\",\"content\":\"\n\n<p>De nos jours, le stress peut facilement nous envahir. Il existe diff\\u00e9rentes m\\u00e9thodes plus ou moins efficaces et plus ou moins rapides \\u00e0 la gestion du stress, comme la pratique de la m\\u00e9ditation, la visualisation cr\\u00e9atrice, le yoga, la sophrologie etc. parmi toutes personnes souffrantes des effets n\\u00e9fastes du stress, plus de la moiti\\u00e9 ont entre 25 et 60 ans. Au rythme soutenu du quotidien, o\\u00f9 tout va tr\\u00e8s vite, et tout doit aller vite, la dur\\u00e9e des s\\u00e9ances th\\u00e9rapeutiques doit aussi suivre ce nouveau rythme\\u2026 L\\u2019hypnose est une technique rapide, douce et efficace.<\\\/p>\\n\n\n<p>L\\u2019hypnose va passer par cet \\u00e9tat de conscience modifi\\u00e9, \\u00e9largie par la transe hypnotique, cr\\u00e9er un dialogue entre le cerveau gauche (celui qui cr\\u00e9er du stress) et le cerveau droit (celui qui sait g\\u00e9rer le stress), en hypnose th\\u00e9rapeutique, on ne demande pas \\u00e0 la personne de changer, il s\\u2019agit de lui montrer comment ses comportements et ses r\\u00e9actions sont construits actuellement, et comment reprendre les reines de son cheval pour pouvoir le diriger vers l\\u00e0 o\\u00f9 il veut aller. Un bon hypnoth\\u00e9rapeute sait montrer \\u00e0 toute\\u00a0personne, sa capacit\\u00e9 incroyable qu\\u2019elle a \\u00e0 entrer en hypnose, et avec une rapidit\\u00e9 absolue.<\\\/p>\\n\n\n<p>Avec l\\u2019hypnose, transformez le stress en cr\\u00e9ativit\\u00e9, en efficacit\\u00e9, en plaisir de vivre, en puissance mentale\\u2026<\\\/p>\\nLe stress ext\\u00eame serait le Burn-out alors agissez avant d'en arriver l\\u00e0!\",\"margin\":\"default\"}}]}]}]}],\"version\":\"4.5.28\"} --><\/p>\n","protected":false},"excerpt":{"rendered":"<p>De nos jours, le stress peut facilement nous envahir. Il existe diff\u00e9rentes m\u00e9thodes plus ou moins efficaces et plus ou moins rapides \u00e0 la gestion du stress, comme la pratique de la m\u00e9ditation, la visualisation cr\u00e9atrice, le yoga, la sophrologie etc. parmi toutes personnes souffrantes des effets n\u00e9fastes du stress, plus de la moiti\u00e9 ont [&hellip;]<\/p>\n","protected":false},"author":3,"featured_media":0,"parent":0,"menu_order":0,"comment_status":"closed","ping_status":"closed","template":"","meta":{"footnotes":""},"class_list":["post-354","page","type-page","status-publish","hentry"],"_links":{"self":[{"href":"https:\/\/saintes-hypnose.dev-artgrafik.com\/index.php?rest_route=\/wp\/v2\/pages\/354","targetHints":{"allow":["GET"]}}],"collection":[{"href":"https:\/\/saintes-hypnose.dev-artgrafik.com\/index.php?rest_route=\/wp\/v2\/pages"}],"about":[{"href":"https:\/\/saintes-hypnose.dev-artgrafik.com\/index.php?rest_route=\/wp\/v2\/types\/page"}],"author":[{"embeddable":true,"href":"https:\/\/saintes-hypnose.dev-artgrafik.com\/index.php?rest_route=\/wp\/v2\/users\/3"}],"replies":[{"embeddable":true,"href":"https:\/\/saintes-hypnose.dev-artgrafik.com\/index.php?rest_route=%2Fwp%2Fv2%2Fcomments&post=354"}],"version-history":[{"count":2,"href":"https:\/\/saintes-hypnose.dev-artgrafik.com\/index.php?rest_route=\/wp\/v2\/pages\/354\/revisions"}],"predecessor-version":[{"id":356,"href":"https:\/\/saintes-hypnose.dev-artgrafik.com\/index.php?rest_route=\/wp\/v2\/pages\/354\/revisions\/356"}],"wp:attachment":[{"href":"https:\/\/saintes-hypnose.dev-artgrafik.com\/index.php?rest_route=%2Fwp%2Fv2%2Fmedia&parent=354"}],"curies":[{"name":"wp","href":"https:\/\/api.w.org\/{rel}","templated":true}]}}