{"id":365,"date":"2025-10-23T16:44:43","date_gmt":"2025-10-23T16:44:43","guid":{"rendered":"https:\/\/saintes-hypnose.dev-artgrafik.com\/?page_id=365"},"modified":"2025-10-23T16:55:22","modified_gmt":"2025-10-23T16:55:22","slug":"couple-en-vrille","status":"publish","type":"page","link":"https:\/\/saintes-hypnose.dev-artgrafik.com\/?page_id=365","title":{"rendered":"Couple en vrille"},"content":{"rendered":"<div>\n<p>    <img decoding=\"async\" src=\"\/wp-content\/uploads\/pexels-photo-6642995-scaled.jpeg\" alt=\"\"><\/p>\n<\/div>\n<div>\n<p style=\"text-align: left; padding-left: 40px;\">Avec l&rsquo;Hypnose: Transformez vos croyances pour transformer votre vie!<\/p>\n<p style=\"text-align: left; padding-left: 40px;\">\n<p style=\"text-align: left; padding-left: 40px;\">Vous pouvez constater avec facilit\u00e9 que ce n\u2019est pas l\u2019amour ni la bonne volont\u00e9 qui maintient deux \u00eatres durablement ensemble&#8230;<\/p>\n<p style=\"text-align: left; padding-left: 40px;\">\n<p style=\"text-align: left; padding-left: 40px;\">Une vie sentimentale harmonieuse rend heureux, stimule, donne une meilleur sant\u00e9 mais d\u2019apr\u00e8s les statistiques, aujourd\u2019hui, un couple sur deux se s\u00e9pare, et le deuxi\u00e8me divorce ou s\u00e9paration survient encore plus rapidement pour les couples qui sont en union libre ou en concubinage. Alors qu\u2019au d\u00e9part ils sont remplis d\u2019espoir et de bonne volont\u00e9 \u00ab Cette fois ci, je ne ferai pas les m\u00eame erreurs \u00bb\u2026 Et parmi les couples qui restent ensemble, il n\u2019y a seulement 15 \u00e0 20% qui sont v\u00e9ritablement heureux, les autres restent ensemble pour d\u2019autres raisons, dans le meilleur des cas, ils cohabitent, et les autres sont malheureux\u2026<\/p>\n<p style=\"text-align: left; padding-left: 40px;\">\n<p style=\"text-align: left; padding-left: 40px;\">Il est peu probable d\u2019attirer les nouvelles rencontres positives, de construire une nouvelle relation serine, \u00e9panouie, sans changer notre comportement et attitude, sans avoir fait le m\u00e9nage dans nos croyances, et nos sch\u00e9mas de fonctionnement.<\/p>\n<p style=\"text-align: left; padding-left: 40px;\">Pour acc\u00e9der \u00e0 ce changement d\u00e9finitivement, seul le cerveau gauche ne suffit pas\u2026 Gr\u00e2ce \u00e0 l\u2019hypnose, nous entrerons \u00e0 l\u2019\u00e9tage sup\u00e9rieur, en allant dans le si\u00e8ge des \u00e9motions,\u00a0 pour connecter le h\u00e9misph\u00e8re gauche avec celui de droite, pour ainsi acc\u00e9der aux changements positifs\u2026<\/p>\n<\/div>\n<p><!--more--><br \/>\n<!-- {\"type\":\"layout\",\"children\":[{\"type\":\"section\",\"props\":{\"header_transparent\":true,\"header_transparent_noplaceholder\":true,\"image_position\":\"center-center\",\"padding_remove_bottom\":false,\"padding_remove_top\":true,\"style\":\"default\",\"title_breakpoint\":\"xl\",\"title_position\":\"top-left\",\"title_rotation\":\"left\",\"vertical_align\":\"middle\",\"width\":\"\"},\"children\":[{\"type\":\"row\",\"children\":[{\"type\":\"column\",\"props\":{\"image_position\":\"center-center\",\"position_sticky_breakpoint\":\"m\"},\"children\":[{\"type\":\"slideshow\",\"props\":{\"content_expand\":false,\"image_loading\":true,\"image_width\":2000,\"link\":\"?page_id=198\",\"link_style\":\"default\",\"link_text\":\"Read more\",\"margin\":\"default\",\"meta_align\":\"below-title\",\"meta_element\":\"div\",\"meta_style\":\"text-meta\",\"nav\":\"dotnav\",\"nav_align\":\"center\",\"nav_breakpoint\":\"s\",\"nav_position\":\"bottom-center\",\"nav_position_margin\":\"medium\",\"overlay_animation\":\"parallax\",\"overlay_margin\":\"large\",\"overlay_position\":\"center\",\"overlay_style\":\"tile-default\",\"overlay_width\":\"large\",\"show_content\":true,\"show_link\":true,\"show_meta\":true,\"show_thumbnail\":true,\"show_title\":true,\"slidenav\":\"\",\"slidenav_breakpoint\":\"s\",\"slidenav_margin\":\"medium\",\"slidenav_outside_breakpoint\":\"xl\",\"slideshow_autoplay_pause\":true,\"slideshow_kenburns_duration\":\"24\",\"slideshow_max_height\":\"600\",\"slideshow_min_height\":300,\"slideshow_parallax\":false,\"slideshow_parallax_easing\":\"-0.9\",\"slideshow_parallax_start\":\"600\",\"thumbnav_height\":\"75\",\"thumbnav_svg_color\":\"emphasis\",\"thumbnav_width\":\"100\",\"title_element\":\"h3\",\"title_hover_style\":\"reset\"},\"children\":[{\"type\":\"slideshow_item\",\"props\":{\"image\":\"wp-content\\\/uploads\\\/pexels-photo-6642995-scaled.jpeg\",\"title\":\"\"}}]},{\"type\":\"text\",\"props\":{\"column_breakpoint\":\"m\",\"content\":\"\n\n<p style=\\\"text-align: left; padding-left: 40px;\\\">Avec l'Hypnose: Transformez vos croyances pour transformer votre vie!<\\\/p>\\n\n\n<p style=\\\"text-align: left; padding-left: 40px;\\\"><\\\/p>\\n\n\n<p style=\\\"text-align: left; padding-left: 40px;\\\">Vous pouvez constater avec facilit\\u00e9 que ce n\\u2019est pas l\\u2019amour ni la bonne volont\\u00e9 qui maintient deux \\u00eatres durablement ensemble...<\\\/p>\\n\n\n<p style=\\\"text-align: left; padding-left: 40px;\\\"><\\\/p>\\n\n\n<p style=\\\"text-align: left; padding-left: 40px;\\\">Une vie sentimentale harmonieuse rend heureux, stimule, donne une meilleur sant\\u00e9 mais d\\u2019apr\\u00e8s les statistiques, aujourd\\u2019hui, un couple sur deux se s\\u00e9pare, et le deuxi\\u00e8me divorce ou s\\u00e9paration survient encore plus rapidement pour les couples qui sont en union libre ou en concubinage. Alors qu\\u2019au d\\u00e9part ils sont remplis d\\u2019espoir et de bonne volont\\u00e9 \\u00ab Cette fois ci, je ne ferai pas les m\\u00eame erreurs \\u00bb\\u2026 Et parmi les couples qui restent ensemble, il n\\u2019y a seulement 15 \\u00e0 20% qui sont v\\u00e9ritablement heureux, les autres restent ensemble pour d\\u2019autres raisons, dans le meilleur des cas, ils cohabitent, et les autres sont malheureux\\u2026<\\\/p>\\n\n\n<p style=\\\"text-align: left; padding-left: 40px;\\\"><\\\/p>\\n\n\n<p style=\\\"text-align: left; padding-left: 40px;\\\">Il est peu probable d\\u2019attirer les nouvelles rencontres positives, de construire une nouvelle relation serine, \\u00e9panouie, sans changer notre comportement et attitude, sans avoir fait le m\\u00e9nage dans nos croyances, et nos sch\\u00e9mas de fonctionnement.<\\\/p>\\n\n\n<p style=\\\"text-align: left; padding-left: 40px;\\\">Pour acc\\u00e9der \\u00e0 ce changement d\\u00e9finitivement, seul le cerveau gauche ne suffit pas\\u2026 Gr\\u00e2ce \\u00e0 l\\u2019hypnose, nous entrerons \\u00e0 l\\u2019\\u00e9tage sup\\u00e9rieur, en allant dans le si\\u00e8ge des \\u00e9motions,\\u00a0 pour connecter le h\\u00e9misph\\u00e8re gauche avec celui de droite, pour ainsi acc\\u00e9der aux changements positifs\\u2026<\\\/p>\",\"margin\":\"default\"}}]}]}],\"name\":\"Deuil\"}],\"version\":\"4.5.28\"} --><\/p>\n","protected":false},"excerpt":{"rendered":"<p>Avec l&rsquo;Hypnose: Transformez vos croyances pour transformer votre vie! Vous pouvez constater avec facilit\u00e9 que ce n\u2019est pas l\u2019amour ni la bonne volont\u00e9 qui maintient deux \u00eatres durablement ensemble&#8230; Une vie sentimentale harmonieuse rend heureux, stimule, donne une meilleur sant\u00e9 mais d\u2019apr\u00e8s les statistiques, aujourd\u2019hui, un couple sur deux se s\u00e9pare, et le deuxi\u00e8me divorce [&hellip;]<\/p>\n","protected":false},"author":3,"featured_media":0,"parent":0,"menu_order":0,"comment_status":"closed","ping_status":"closed","template":"","meta":{"footnotes":""},"class_list":["post-365","page","type-page","status-publish","hentry"],"_links":{"self":[{"href":"https:\/\/saintes-hypnose.dev-artgrafik.com\/index.php?rest_route=\/wp\/v2\/pages\/365","targetHints":{"allow":["GET"]}}],"collection":[{"href":"https:\/\/saintes-hypnose.dev-artgrafik.com\/index.php?rest_route=\/wp\/v2\/pages"}],"about":[{"href":"https:\/\/saintes-hypnose.dev-artgrafik.com\/index.php?rest_route=\/wp\/v2\/types\/page"}],"author":[{"embeddable":true,"href":"https:\/\/saintes-hypnose.dev-artgrafik.com\/index.php?rest_route=\/wp\/v2\/users\/3"}],"replies":[{"embeddable":true,"href":"https:\/\/saintes-hypnose.dev-artgrafik.com\/index.php?rest_route=%2Fwp%2Fv2%2Fcomments&post=365"}],"version-history":[{"count":5,"href":"https:\/\/saintes-hypnose.dev-artgrafik.com\/index.php?rest_route=\/wp\/v2\/pages\/365\/revisions"}],"predecessor-version":[{"id":374,"href":"https:\/\/saintes-hypnose.dev-artgrafik.com\/index.php?rest_route=\/wp\/v2\/pages\/365\/revisions\/374"}],"wp:attachment":[{"href":"https:\/\/saintes-hypnose.dev-artgrafik.com\/index.php?rest_route=%2Fwp%2Fv2%2Fmedia&parent=365"}],"curies":[{"name":"wp","href":"https:\/\/api.w.org\/{rel}","templated":true}]}}