{"id":410,"date":"2025-10-23T23:07:37","date_gmt":"2025-10-23T23:07:37","guid":{"rendered":"https:\/\/saintes-hypnose.dev-artgrafik.com\/?page_id=410"},"modified":"2025-12-11T12:13:13","modified_gmt":"2025-12-11T12:13:13","slug":"votre-praticienne-2","status":"publish","type":"page","link":"https:\/\/saintes-hypnose.dev-artgrafik.com\/?page_id=410","title":{"rendered":"Th\u00e9rapies"},"content":{"rendered":"<h1>Votre praticienne<\/h1>\n<div>\n<p>    <img decoding=\"async\" src=\"\/wp-content\/uploads\/2025\/09\/version_400_xiaohan-lin-hypnotherapeute-a-saintes.jpeg\" alt=\"Xiaohan Lin\"><\/p>\n<h3>Xiaohan Lin<\/h3>\n<p>Votre th\u00e9rapeute \u00e0 Saintes<\/p>\n<div>\n<hr \/>\n<p>Apr\u00e8s 12 ans d\u2019exercice clinique dans ce domaine, gr\u00e2ce \u00e0 la confiance de nombreux \u00eatres en \u00e9volutions, et aussi aux diverses formations professionnelles continues, j\u2019ai pu sculpter ma propre fa\u00e7on de travailler sur l\u2019accompagnement th\u00e9rapeutique humaniste.<\/p>\n<\/p>\n<p>Bas\u00e9e sur Saintes, je suis sp\u00e9cialis\u00e9e dans l\u2019accompagnement des enfants \u00e0 partir de 3 ans et des adolescents. Je dois cette sensibilit\u00e9 et expertise aux parents et aux adolescents qui m\u2019ont fait confiance, et une mention particuli\u00e8re \u00e0 mes quatre enfants, dont une qui a rejoint l\u2019au-del\u00e0 bien trop t\u00f4t, ils sont mes premiers mentors sur ce chemin d\u2019apprentissage d\u2019\u00eatre parent et ne cessent de m\u2019apprendre chaque jour.<\/p>\n<\/p>\n<p>Ma 2<sup>\u00e8me<\/sup> sp\u00e9cialit\u00e9 est \u00ab\u00a0Le Couples\u00a0\u00bb. Cela fait des ann\u00e9es que plus d\u2019un couple sur deux se s\u00e9pare. \u00catre en couple tout en \u00e9tant heureux\/se est un challenge complexe. Beaucoup se demandent s\u2019ils font le bon choix de se s\u00e9parer, un accompagnement par un professionnel devient important dans un moment de vie aussi crucial.<\/p>\n<p>Sinon, apr\u00e8s la s\u00e9paration, r\u00e9ussir \u00e0 maintenir une relation parentale de qualit\u00e9 avec son ex, malgr\u00e9 le pass\u00e9 du couple, pourrait parfois rajouter d\u2019autres obstacles \u00e0 notre \u00ab\u00a0reconstruction\u00a0\u00bb de la vie sentimentale.<\/p>\n<p>De nos jours, il y a de plus en plus de \u00ab\u00a0famille recompos\u00e9e\u00a0\u00bb, et si cette \u00ab\u00a0recomposition\u00a0\u00bb est bas\u00e9e sur un \u00ab\u00a0Couple r\u00e9invent\u00e9\u00a0\u00e9panoui \u00bb, le \u00ab\u00a0nouveau nid\u00a0\u00bb sera bien plus enchant\u00e9 et douillet. \u00catre un beau-p\u00e8re et une belle-m\u00e8re n\u00e9cessite de faire appel \u00e0 la sagesse et l\u2019humilit\u00e9 de chacun\/chacune, pour que nos enfants puissent grandir dans de meilleures conditions, cela pourrait vraiment \u00eatre une force qui rassemble et qui enrichi si la synergie se cr\u00e9er.<\/p>\n<p>L\u2019accompagnement en \u00ab\u00a0Th\u00e9rapie conjugale\u00a0\u00bb m\u2019importe beaucoup, car il n\u2019y a pas d\u2019exception, l\u2019Amour rend heureux-se, \u00e0 condition d\u2019\u00eatre persuad\u00e9-e que vous le m\u00e9ritez\u00a0!!!<\/p>\n<hr \/>\n<\/div>\n<\/div>\n<div>\n<h3>Mes outils favoris<\/h3>\n<div>\n<hr \/>\n<p>La Gestalt Th\u00e9rapie Humaniste\u00a0; l\u2019Hypnose th\u00e9rapeutique\u00a0; hypnose conversationnelle\u00a0; Tipi (Gestion des \u00e9motions n\u00e9gatives et phobies)\u00a0; RITMO (EMDR sous hypnose) pour traitement des traumas\u00a0; Communication relationnelle\u00a0; Visualisation externe\u00a0pour mieux vous \u00e9couter.<\/p>\n<hr \/>\n<\/div>\n<\/div>\n<ul>\n<li>\n<p>\n        <a href=\"#\">06 89 62 40 23<\/a>\n    <\/p>\n<\/li>\n<li>\n<p>\n        <a href=\"\/?page_id=27\">E-mail<\/a>\n    <\/p>\n<div>Envoyer une demande par mail : saintes.hypnose@gmail.com<\/div>\n<\/li>\n<\/ul>\n<p><!--more--><br \/>\n<!-- {\"type\":\"layout\",\"children\":[{\"type\":\"section\",\"props\":{\"image_position\":\"center-center\",\"padding_remove_bottom\":false,\"padding_remove_top\":false,\"style\":\"muted\",\"title_breakpoint\":\"xl\",\"title_position\":\"top-left\",\"title_rotation\":\"left\",\"vertical_align\":\"middle\",\"width\":\"default\"},\"children\":[{\"type\":\"row\",\"children\":[{\"type\":\"column\",\"props\":{\"image_position\":\"center-center\",\"position_sticky_breakpoint\":\"m\"},\"children\":[{\"type\":\"headline\",\"props\":{\"block_align\":\"center\",\"content\":\"Votre praticienne\",\"maxwidth\":\"medium\",\"position\":\"relative\",\"position_left\":\"270\",\"title_decoration\":\"divider\",\"title_element\":\"h1\",\"title_font_family\":\"default\",\"title_style\":\"h1\"}},{\"type\":\"grid\",\"props\":{\"content_column_breakpoint\":\"m\",\"filter_align\":\"left\",\"filter_all\":true,\"filter_grid_breakpoint\":\"m\",\"filter_grid_width\":\"auto\",\"filter_position\":\"top\",\"filter_style\":\"tab\",\"grid_default\":\"1\",\"grid_medium\":\"\",\"icon_width\":80,\"image_align\":\"right\",\"image_box_decoration\":\"mask\",\"image_grid_breakpoint\":\"m\",\"image_grid_width\":\"1-3\",\"image_height\":300,\"image_loading\":true,\"image_svg_color\":\"emphasis\",\"image_width\":300,\"item_animation\":true,\"lightbox_bg_close\":true,\"link_style\":\"default\",\"link_text\":\"Read more\",\"margin\":\"default\",\"meta_align\":\"below-title\",\"meta_element\":\"div\",\"meta_style\":\"text-meta\",\"show_content\":true,\"show_hover_image\":true,\"show_hover_video\":true,\"show_image\":true,\"show_link\":true,\"show_meta\":true,\"show_title\":true,\"show_video\":true,\"title_align\":\"top\",\"title_element\":\"h3\",\"title_grid_breakpoint\":\"m\",\"title_grid_width\":\"1-2\",\"title_hover_style\":\"reset\"},\"children\":[{\"type\":\"grid_item\",\"props\":{\"content\":\"\n\n<hr \\\/>\\n\n\n<p>Apr\\u00e8s 12 ans d\\u2019exercice clinique dans ce domaine, gr\\u00e2ce \\u00e0 la confiance de nombreux \\u00eatres en \\u00e9volutions, et aussi aux diverses formations professionnelles continues, j\\u2019ai pu sculpter ma propre fa\\u00e7on de travailler sur l\\u2019accompagnement th\\u00e9rapeutique humaniste.<\\\/p>\\n\n\n<p><\\\/p>\\n\n\n<p>Bas\\u00e9e sur Saintes, je suis sp\\u00e9cialis\\u00e9e dans l\\u2019accompagnement des enfants \\u00e0 partir de 3 ans et des adolescents. Je dois cette sensibilit\\u00e9 et expertise aux parents et aux adolescents qui m\\u2019ont fait confiance, et une mention particuli\\u00e8re \\u00e0 mes quatre enfants, dont une qui a rejoint l\\u2019au-del\\u00e0 bien trop t\\u00f4t, ils sont mes premiers mentors sur ce chemin d\\u2019apprentissage d\\u2019\\u00eatre parent et ne cessent de m\\u2019apprendre chaque jour.<\\\/p>\\n\n\n<p><\\\/p>\\n\n\n<p>Ma 2<sup>\\u00e8me<\\\/sup> sp\\u00e9cialit\\u00e9 est \\u00ab\\u00a0Le Couples\\u00a0\\u00bb. Cela fait des ann\\u00e9es que plus d\\u2019un couple sur deux se s\\u00e9pare. \\u00catre en couple tout en \\u00e9tant heureux\\\/se est un challenge complexe. Beaucoup se demandent s\\u2019ils font le bon choix de se s\\u00e9parer, un accompagnement par un professionnel devient important dans un moment de vie aussi crucial.<\\\/p>\\n\n\n<p>Sinon, apr\\u00e8s la s\\u00e9paration, r\\u00e9ussir \\u00e0 maintenir une relation parentale de qualit\\u00e9 avec son ex, malgr\\u00e9 le pass\\u00e9 du couple, pourrait parfois rajouter d\\u2019autres obstacles \\u00e0 notre \\u00ab\\u00a0reconstruction\\u00a0\\u00bb de la vie sentimentale.<\\\/p>\\n\n\n<p>De nos jours, il y a de plus en plus de \\u00ab\\u00a0famille recompos\\u00e9e\\u00a0\\u00bb, et si cette \\u00ab\\u00a0recomposition\\u00a0\\u00bb est bas\\u00e9e sur un \\u00ab\\u00a0Couple r\\u00e9invent\\u00e9\\u00a0\\u00e9panoui \\u00bb, le \\u00ab\\u00a0nouveau nid\\u00a0\\u00bb sera bien plus enchant\\u00e9 et douillet. \\u00catre un beau-p\\u00e8re et une belle-m\\u00e8re n\\u00e9cessite de faire appel \\u00e0 la sagesse et l\\u2019humilit\\u00e9 de chacun\\\/chacune, pour que nos enfants puissent grandir dans de meilleures conditions, cela pourrait vraiment \\u00eatre une force qui rassemble et qui enrichi si la synergie se cr\\u00e9er.<\\\/p>\\n\n\n<p>L\\u2019accompagnement en \\u00ab\\u00a0Th\\u00e9rapie conjugale\\u00a0\\u00bb m\\u2019importe beaucoup, car il n\\u2019y a pas d\\u2019exception, l\\u2019Amour rend heureux-se, \\u00e0 condition d\\u2019\\u00eatre persuad\\u00e9-e que vous le m\\u00e9ritez\\u00a0!!!<\\\/p>\\n\n\n<hr \\\/>\\n\n\n<p><\\\/p>\",\"hover_image_focal_point\":\"top-center\",\"image\":\"wp-content\\\/uploads\\\/2025\\\/09\\\/version_400_xiaohan-lin-hypnotherapeute-a-saintes.jpeg\",\"image_alt\":\"Xiaohan Lin\",\"lightbox_image_focal_point\":\"top-center\",\"meta\":\"Votre th\\u00e9rapeute \\u00e0 Saintes\",\"title\":\"Xiaohan Lin\"}}]},{\"type\":\"panel\",\"props\":{\"content\":\"\n\n<hr \\\/>\\n\n\n<p>La Gestalt Th\\u00e9rapie Humaniste\\u00a0; l\\u2019Hypnose th\\u00e9rapeutique\\u00a0; hypnose conversationnelle\\u00a0; Tipi (Gestion des \\u00e9motions n\\u00e9gatives et phobies)\\u00a0; RITMO (EMDR sous hypnose) pour traitement des traumas\\u00a0; Communication relationnelle\\u00a0; Visualisation externe\\u00a0pour mieux vous \\u00e9couter.<\\\/p>\\n\n\n<hr \\\/>\\n\n\n<p><\\\/p>\",\"content_column_breakpoint\":\"m\",\"icon_width\":80,\"image_align\":\"top\",\"image_grid_breakpoint\":\"m\",\"image_grid_width\":\"1-2\",\"image_svg_color\":\"emphasis\",\"link_style\":\"default\",\"link_text\":\"Read more\",\"margin\":\"default\",\"meta_align\":\"below-title\",\"meta_element\":\"div\",\"meta_style\":\"text-meta\",\"title\":\"Mes outils favoris\",\"title_align\":\"top\",\"title_element\":\"h3\",\"title_grid_breakpoint\":\"m\",\"title_grid_width\":\"1-2\",\"title_hover_style\":\"reset\"}},{\"type\":\"button\",\"props\":{\"grid_column_gap\":\"small\",\"grid_row_gap\":\"small\",\"margin\":\"default\"},\"children\":[{\"type\":\"button_item\",\"props\":{\"button_style\":\"default\",\"content\":\"06 89 62 40 23\",\"dialog_layout\":\"modal\",\"dialog_offcanvas_flip\":true,\"icon\":\"receiver\",\"icon_align\":\"left\",\"link\":\"#\"}},{\"type\":\"button_item\",\"props\":{\"button_style\":\"default\",\"content\":\"E-mail\",\"dialog\":\"Envoyer une demande par mail : saintes.hypnose@gmail.com\",\"dialog_layout\":\"modal\",\"dialog_offcanvas_flip\":true,\"icon\":\"mail\",\"icon_align\":\"left\",\"link\":\"?page_id=27\",\"link_aria_label\":\"Email\"}}]},{\"type\":\"totop\",\"props\":{\"margin\":\"default\",\"title_grid_column_gap\":\"small\",\"title_grid_row_gap\":\"small\"}}]}]}],\"name\":\"Pr\\u00e9sentation Xiaohan Lin\"}],\"version\":\"4.5.28\"} --><\/p>\n","protected":false},"excerpt":{"rendered":"<p>Votre praticienne Xiaohan Lin Votre th\u00e9rapeute \u00e0 Saintes Apr\u00e8s 12 ans d\u2019exercice clinique dans ce domaine, gr\u00e2ce \u00e0 la confiance de nombreux \u00eatres en \u00e9volutions, et aussi aux diverses formations professionnelles continues, j\u2019ai pu sculpter ma propre fa\u00e7on de travailler sur l\u2019accompagnement th\u00e9rapeutique humaniste. Bas\u00e9e sur Saintes, je suis sp\u00e9cialis\u00e9e dans l\u2019accompagnement des enfants \u00e0 [&hellip;]<\/p>\n","protected":false},"author":3,"featured_media":0,"parent":0,"menu_order":0,"comment_status":"closed","ping_status":"closed","template":"","meta":{"footnotes":""},"class_list":["post-410","page","type-page","status-publish","hentry"],"_links":{"self":[{"href":"https:\/\/saintes-hypnose.dev-artgrafik.com\/index.php?rest_route=\/wp\/v2\/pages\/410","targetHints":{"allow":["GET"]}}],"collection":[{"href":"https:\/\/saintes-hypnose.dev-artgrafik.com\/index.php?rest_route=\/wp\/v2\/pages"}],"about":[{"href":"https:\/\/saintes-hypnose.dev-artgrafik.com\/index.php?rest_route=\/wp\/v2\/types\/page"}],"author":[{"embeddable":true,"href":"https:\/\/saintes-hypnose.dev-artgrafik.com\/index.php?rest_route=\/wp\/v2\/users\/3"}],"replies":[{"embeddable":true,"href":"https:\/\/saintes-hypnose.dev-artgrafik.com\/index.php?rest_route=%2Fwp%2Fv2%2Fcomments&post=410"}],"version-history":[{"count":14,"href":"https:\/\/saintes-hypnose.dev-artgrafik.com\/index.php?rest_route=\/wp\/v2\/pages\/410\/revisions"}],"predecessor-version":[{"id":628,"href":"https:\/\/saintes-hypnose.dev-artgrafik.com\/index.php?rest_route=\/wp\/v2\/pages\/410\/revisions\/628"}],"wp:attachment":[{"href":"https:\/\/saintes-hypnose.dev-artgrafik.com\/index.php?rest_route=%2Fwp%2Fv2%2Fmedia&parent=410"}],"curies":[{"name":"wp","href":"https:\/\/api.w.org\/{rel}","templated":true}]}}